
{"id":20743,"date":"2023-08-29T21:57:41","date_gmt":"2023-08-29T21:57:41","guid":{"rendered":"https:\/\/pathere.org\/?page_id=20743"},"modified":"2023-08-29T22:13:38","modified_gmt":"2023-08-29T22:13:38","slug":"tramites-notariales","status":"publish","type":"page","link":"https:\/\/pathere.org\/es\/consulate\/tramites-notariales\/","title":{"rendered":"TRAMITES NOTARIALES"},"content":{"rendered":"<div data-elementor-type=\"wp-page\" data-elementor-id=\"20743\" class=\"elementor elementor-20743\">\n\t\t\t\t\t\t\t\t\t<section class=\"elementor-section elementor-top-section elementor-element elementor-element-840f5c7 elementor-section-boxed elementor-section-height-default elementor-section-height-default edgtf-elementor-container-no edgtf-section edgtf-parallax-section-holder-touch-disabled edgtf-parallax-section-no\" data-id=\"840f5c7\" data-element_type=\"section\">\n\t\t\t\t\t\t<div class=\"elementor-container elementor-column-gap-default\">\n\t\t\t\t\t<div class=\"elementor-column elementor-col-100 elementor-top-column elementor-element elementor-element-3780df3\" data-id=\"3780df3\" data-element_type=\"column\">\n\t\t\t<div class=\"elementor-widget-wrap elementor-element-populated\">\n\t\t\t\t\t\t\t\t<div class=\"elementor-element elementor-element-63ea738 elementor-widget elementor-widget-image\" data-id=\"63ea738\" data-element_type=\"widget\" data-widget_type=\"image.default\">\n\t\t\t\t<div class=\"elementor-widget-container\">\n\t\t\t<style>\/*! elementor - v3.7.0 - 08-08-2022 *\/\n.elementor-widget-image{text-align:center}.elementor-widget-image a{display:inline-block}.elementor-widget-image a img[src$=\".svg\"]{width:48px}.elementor-widget-image img{vertical-align:middle;display:inline-block}<\/style>\t\t\t\t\t\t\t\t\t\t\t\t<img width=\"255\" height=\"48\" src=\"https:\/\/pathere.org\/wp-content\/uploads\/2023\/07\/Consulate-General-of-Peru-in-Paterson.png\" class=\"attachment-full size-full\" alt=\"\" loading=\"lazy\" srcset=\"https:\/\/pathere.org\/wp-content\/uploads\/2023\/07\/Consulate-General-of-Peru-in-Paterson.png 255w, https:\/\/pathere.org\/wp-content\/uploads\/2023\/07\/Consulate-General-of-Peru-in-Paterson-18x3.png 18w\" sizes=\"(max-width: 255px) 100vw, 255px\" \/>\t\t\t\t\t\t\t\t\t\t\t\t\t\t\t<\/div>\n\t\t\t\t<\/div>\n\t\t\t\t<div class=\"elementor-element elementor-element-16b32dd elementor-widget elementor-widget-heading\" data-id=\"16b32dd\" data-element_type=\"widget\" data-widget_type=\"heading.default\">\n\t\t\t\t<div class=\"elementor-widget-container\">\n\t\t\t<style>\/*! elementor - v3.7.0 - 08-08-2022 *\/\n.elementor-heading-title{padding:0;margin:0;line-height:1}.elementor-widget-heading .elementor-heading-title[class*=elementor-size-]>a{color:inherit;font-size:inherit;line-height:inherit}.elementor-widget-heading .elementor-heading-title.elementor-size-small{font-size:15px}.elementor-widget-heading .elementor-heading-title.elementor-size-medium{font-size:19px}.elementor-widget-heading .elementor-heading-title.elementor-size-large{font-size:29px}.elementor-widget-heading .elementor-heading-title.elementor-size-xl{font-size:39px}.elementor-widget-heading .elementor-heading-title.elementor-size-xxl{font-size:59px}<\/style><h2 class=\"elementor-heading-title elementor-size-default\">TR\u00c1MITES NOTARIALES<\/h2>\t\t<\/div>\n\t\t\t\t<\/div>\n\t\t\t\t<div class=\"elementor-element elementor-element-d6d96d7 elementor-widget elementor-widget-qi_addons_for_elementor_separator\" data-id=\"d6d96d7\" data-element_type=\"widget\" data-widget_type=\"qi_addons_for_elementor_separator.default\">\n\t\t\t\t<div class=\"elementor-widget-container\">\n\t\t\t<div class=\"qodef-shortcode qodef-m  qodef-qi-separator qodef-qi-clear qodef-separator--standard qodef-position--center\">\n\t<div class=\"qodef-m-line\"><\/div>\n<\/div>\n\t\t<\/div>\n\t\t\t\t<\/div>\n\t\t\t\t\t<\/div>\n\t\t<\/div>\n\t\t\t\t\t\t\t<\/div>\n\t\t<\/section>\n\t\t\t\t<section class=\"elementor-section elementor-top-section elementor-element elementor-element-67e68d2 elementor-section-boxed elementor-section-height-default elementor-section-height-default edgtf-elementor-container-no edgtf-section edgtf-parallax-section-holder-touch-disabled edgtf-parallax-section-no\" data-id=\"67e68d2\" data-element_type=\"section\">\n\t\t\t\t\t\t<div class=\"elementor-container elementor-column-gap-default\">\n\t\t\t\t\t<div class=\"elementor-column elementor-col-33 elementor-top-column elementor-element elementor-element-ce90669\" data-id=\"ce90669\" data-element_type=\"column\">\n\t\t\t<div class=\"elementor-widget-wrap elementor-element-populated\">\n\t\t\t\t\t\t\t\t<div class=\"elementor-element elementor-element-81aefad elementor-widget elementor-widget-heading\" data-id=\"81aefad\" data-element_type=\"widget\" data-widget_type=\"heading.default\">\n\t\t\t\t<div class=\"elementor-widget-container\">\n\t\t\t<h4 class=\"elementor-heading-title elementor-size-default\">PODER NOTARIAL FUERA DE REGISTRO<\/h4>\t\t<\/div>\n\t\t\t\t<\/div>\n\t\t\t\t<div class=\"elementor-element elementor-element-1ef8b70 elementor-widget elementor-widget-edgtf_unordered_list\" data-id=\"1ef8b70\" data-element_type=\"widget\" data-widget_type=\"edgtf_unordered_list.default\">\n\t\t\t\t<div class=\"elementor-widget-container\">\n\t\t\t<div class=\"edgtf-unordered-list  edgtf-square\" ><span style=\"color: #993300;\"><strong>REQUISITOS<\/strong><\/span>\n<ul>\n \t<li>DNI.<\/li>\n \t<li>Costos: jubilaci\u00f3n US$ 10.00<\/li>\n \t<li>Cesant\u00eda, Viudez y otros: \tUS$ 25.00<\/li>\n<\/ul><\/div>\t\t<\/div>\n\t\t\t\t<\/div>\n\t\t\t\t\t<\/div>\n\t\t<\/div>\n\t\t\t\t<div class=\"elementor-column elementor-col-33 elementor-top-column elementor-element elementor-element-44d14ba\" data-id=\"44d14ba\" data-element_type=\"column\">\n\t\t\t<div class=\"elementor-widget-wrap elementor-element-populated\">\n\t\t\t\t\t\t\t\t<div class=\"elementor-element elementor-element-0849f78 elementor-widget elementor-widget-heading\" data-id=\"0849f78\" data-element_type=\"widget\" data-widget_type=\"heading.default\">\n\t\t\t\t<div class=\"elementor-widget-container\">\n\t\t\t<h4 class=\"elementor-heading-title elementor-size-default\">LEGALIZACIONES<\/h4>\t\t<\/div>\n\t\t\t\t<\/div>\n\t\t\t\t<div class=\"elementor-element elementor-element-68ce91c elementor-widget elementor-widget-edgtf_unordered_list\" data-id=\"68ce91c\" data-element_type=\"widget\" data-widget_type=\"edgtf_unordered_list.default\">\n\t\t\t\t<div class=\"elementor-widget-container\">\n\t\t\t<div class=\"edgtf-unordered-list  edgtf-square\" ><p>Se legalizan documentos extranjeros previa certificaci\u00f3n del respectivo County Clerk en NJ o PA salvo los certificados de nacimiento, matrimonio y defunci\u00f3n.<\/p><ul><li>Costo US$ 30.00<\/li><\/ul><\/div>\t\t<\/div>\n\t\t\t\t<\/div>\n\t\t\t\t\t<\/div>\n\t\t<\/div>\n\t\t\t\t<div class=\"elementor-column elementor-col-33 elementor-top-column elementor-element elementor-element-42f665c\" data-id=\"42f665c\" data-element_type=\"column\">\n\t\t\t<div class=\"elementor-widget-wrap elementor-element-populated\">\n\t\t\t\t\t\t\t\t<div class=\"elementor-element elementor-element-d46acb6 elementor-widget elementor-widget-heading\" data-id=\"d46acb6\" data-element_type=\"widget\" data-widget_type=\"heading.default\">\n\t\t\t\t<div class=\"elementor-widget-container\">\n\t\t\t<h4 class=\"elementor-heading-title elementor-size-default\">AUTORIZACI\u00d3N DE VIAJE PARA MENORES<\/h4>\t\t<\/div>\n\t\t\t\t<\/div>\n\t\t\t\t<div class=\"elementor-element elementor-element-fac874b elementor-widget elementor-widget-edgtf_unordered_list\" data-id=\"fac874b\" data-element_type=\"widget\" data-widget_type=\"edgtf_unordered_list.default\">\n\t\t\t\t<div class=\"elementor-widget-container\">\n\t\t\t<div class=\"edgtf-unordered-list  edgtf-square\" ><span style=\"color: #993300;\"><strong>REQUISITOS<\/strong><\/span>\n<ul>\n \t<li>Copia del DNI del menor o n\u00famero. Si el menor es extranjero copia del pasaporte.<\/li>\n \t<li>DNI de ambos padres, o del que autoriza el viaje. Extranjeros presentar documento de identidad v\u00e1lido.<\/li>\n \t<li>Itinerario de viaje completo, l\u00ednea a\u00e9rea, vuelos y horario.<\/li>\n \t<li>Costo: US$ 20.00<\/li>\n\n<\/ul><\/div>\t\t<\/div>\n\t\t\t\t<\/div>\n\t\t\t\t\t<\/div>\n\t\t<\/div>\n\t\t\t\t\t\t\t<\/div>\n\t\t<\/section>\n\t\t\t\t<section class=\"elementor-section elementor-top-section elementor-element elementor-element-165b8a1 elementor-section-boxed elementor-section-height-default elementor-section-height-default edgtf-elementor-container-no edgtf-section edgtf-parallax-section-holder-touch-disabled edgtf-parallax-section-no\" data-id=\"165b8a1\" data-element_type=\"section\">\n\t\t\t\t\t\t<div class=\"elementor-container elementor-column-gap-default\">\n\t\t\t\t\t<div class=\"elementor-column elementor-col-50 elementor-top-column elementor-element elementor-element-e5de5ed\" data-id=\"e5de5ed\" data-element_type=\"column\">\n\t\t\t<div class=\"elementor-widget-wrap elementor-element-populated\">\n\t\t\t\t\t\t\t\t<div class=\"elementor-element elementor-element-c55afe4 elementor-widget elementor-widget-heading\" data-id=\"c55afe4\" data-element_type=\"widget\" data-widget_type=\"heading.default\">\n\t\t\t\t<div class=\"elementor-widget-container\">\n\t\t\t<h4 class=\"elementor-heading-title elementor-size-default\">LEY DE REINSERCI\u00d3N ECON\u00d3MICA Y SOCIAL PARA EL MIGRANTE RETORNADO<\/h4>\t\t<\/div>\n\t\t\t\t<\/div>\n\t\t\t\t<div class=\"elementor-element elementor-element-7d9d92b elementor-widget elementor-widget-text-editor\" data-id=\"7d9d92b\" data-element_type=\"widget\" data-widget_type=\"text-editor.default\">\n\t\t\t\t<div class=\"elementor-widget-container\">\n\t\t\t<style>\/*! elementor - v3.7.0 - 08-08-2022 *\/\n.elementor-widget-text-editor.elementor-drop-cap-view-stacked .elementor-drop-cap{background-color:#818a91;color:#fff}.elementor-widget-text-editor.elementor-drop-cap-view-framed .elementor-drop-cap{color:#818a91;border:3px solid;background-color:transparent}.elementor-widget-text-editor:not(.elementor-drop-cap-view-default) .elementor-drop-cap{margin-top:8px}.elementor-widget-text-editor:not(.elementor-drop-cap-view-default) .elementor-drop-cap-letter{width:1em;height:1em}.elementor-widget-text-editor .elementor-drop-cap{float:left;text-align:center;line-height:1;font-size:50px}.elementor-widget-text-editor .elementor-drop-cap-letter{display:inline-block}<\/style>\t\t\t\t<p>Para el retorno de los peruanos residentes en el extranjero, otorga facilidades para su adecuada reinserci\u00f3n econ\u00f3mica y social que contribuyen en la generaci\u00f3n del empleo.<br \/>Para mayor informaci\u00f3n visite:<br \/><a href=\"https:\/\/leydelretorno.rree.gob.pe\/\">http:\/\/leydelretorno.rree.gob.pe\/<\/a><\/p>\t\t\t\t\t\t<\/div>\n\t\t\t\t<\/div>\n\t\t\t\t\t<\/div>\n\t\t<\/div>\n\t\t\t\t<div class=\"elementor-column elementor-col-50 elementor-top-column elementor-element elementor-element-860323b\" data-id=\"860323b\" data-element_type=\"column\">\n\t\t\t<div class=\"elementor-widget-wrap elementor-element-populated\">\n\t\t\t\t\t\t\t\t<div class=\"elementor-element elementor-element-a00cc36 elementor-widget elementor-widget-heading\" data-id=\"a00cc36\" data-element_type=\"widget\" data-widget_type=\"heading.default\">\n\t\t\t\t<div class=\"elementor-widget-container\">\n\t\t\t<h4 class=\"elementor-heading-title elementor-size-default\">ESCRITURAS PUBLICAS<\/h4>\t\t<\/div>\n\t\t\t\t<\/div>\n\t\t\t\t<div class=\"elementor-element elementor-element-32e9d46 elementor-widget elementor-widget-edgtf_unordered_list\" data-id=\"32e9d46\" data-element_type=\"widget\" data-widget_type=\"edgtf_unordered_list.default\">\n\t\t\t\t<div class=\"elementor-widget-container\">\n\t\t\t<div class=\"edgtf-unordered-list  edgtf-square\" ><span style=\"color: #993300;\"><strong>REQUISITOS PREVIA CITA:<\/strong><\/span>\n<ul>\n \t<li>DNI: Si el poderante es extranjero presentar\u00e1 pasaporte o documento de identidad v\u00e1lido. Si no habla o lee el idioma espa\u00f1ol requerir\u00e1 un int\u00e9rprete debidamente identificado.<\/li>\n \t<li>Enviar al correo electr\u00f3nico: <a href=\"mailto:poderes@conpernj.org\">poderes@conpernj.org<\/a> la minuta del poder y tel\u00e9fono de contacto para acordar una cita para la revisi\u00f3n y firma del documento, el costo es variable y se indicar\u00e1 una vez elaborado el proyecto del documento. Modelo de minutas las puede encontrar en:\n<a href=\"http:\/\/www.consulado.pe\/es\/Paterson\/Paginas\/Modelos-de-Escrituras-Publicas.aspx\">http:\/\/www.consulado.pe\/es\/Paterson\/Paginas\/Modelos-de-Escrituras-Publicas.aspx<\/a>\n<\/li>\n<\/ul>\n<\/div>\t\t<\/div>\n\t\t\t\t<\/div>\n\t\t\t\t\t<\/div>\n\t\t<\/div>\n\t\t\t\t\t\t\t<\/div>\n\t\t<\/section>\n\t\t\t\t<section class=\"elementor-section elementor-top-section elementor-element elementor-element-ad096ee elementor-section-boxed elementor-section-height-default elementor-section-height-default edgtf-elementor-container-no edgtf-section edgtf-parallax-section-holder-touch-disabled edgtf-parallax-section-no\" data-id=\"ad096ee\" data-element_type=\"section\">\n\t\t\t\t\t\t<div class=\"elementor-container elementor-column-gap-default\">\n\t\t\t\t\t<div class=\"elementor-column elementor-col-33 elementor-top-column elementor-element elementor-element-5df4a80\" data-id=\"5df4a80\" data-element_type=\"column\">\n\t\t\t<div class=\"elementor-widget-wrap elementor-element-populated\">\n\t\t\t\t\t\t\t\t<div class=\"elementor-element elementor-element-99286f6 elementor-widget elementor-widget-image\" data-id=\"99286f6\" data-element_type=\"widget\" data-widget_type=\"image.default\">\n\t\t\t\t<div class=\"elementor-widget-container\">\n\t\t\t\t\t\t\t\t\t\t\t\t\t\t\t\t<a href=\"https:\/\/pathere.org\/es\/consulate\/dni\/\">\n\t\t\t\t\t\t\t<img width=\"350\" height=\"250\" src=\"https:\/\/pathere.org\/wp-content\/uploads\/2023\/08\/dni-50.jpg\" class=\"attachment-full size-full\" alt=\"\" loading=\"lazy\" srcset=\"https:\/\/pathere.org\/wp-content\/uploads\/2023\/08\/dni-50.jpg 350w, https:\/\/pathere.org\/wp-content\/uploads\/2023\/08\/dni-50-300x214.jpg 300w, https:\/\/pathere.org\/wp-content\/uploads\/2023\/08\/dni-50-18x12.jpg 18w\" sizes=\"(max-width: 350px) 100vw, 350px\" \/>\t\t\t\t\t\t\t\t<\/a>\n\t\t\t\t\t\t\t\t\t\t\t\t\t\t\t<\/div>\n\t\t\t\t<\/div>\n\t\t\t\t<div class=\"elementor-element elementor-element-3f8039e elementor-widget elementor-widget-heading\" data-id=\"3f8039e\" data-element_type=\"widget\" data-widget_type=\"heading.default\">\n\t\t\t\t<div class=\"elementor-widget-container\">\n\t\t\t<h3 class=\"elementor-heading-title elementor-size-default\">DNI<\/h3>\t\t<\/div>\n\t\t\t\t<\/div>\n\t\t\t\t\t<\/div>\n\t\t<\/div>\n\t\t\t\t<div class=\"elementor-column elementor-col-33 elementor-top-column elementor-element elementor-element-3669bfd\" data-id=\"3669bfd\" data-element_type=\"column\">\n\t\t\t<div class=\"elementor-widget-wrap elementor-element-populated\">\n\t\t\t\t\t\t\t\t<div class=\"elementor-element elementor-element-19ecbb5 elementor-widget elementor-widget-image\" data-id=\"19ecbb5\" data-element_type=\"widget\" data-widget_type=\"image.default\">\n\t\t\t\t<div class=\"elementor-widget-container\">\n\t\t\t\t\t\t\t\t\t\t\t\t\t\t\t\t<a href=\"https:\/\/pathere.org\/es\/consulate\/registro-civiles\/\">\n\t\t\t\t\t\t\t<img width=\"350\" height=\"250\" src=\"https:\/\/pathere.org\/wp-content\/uploads\/2023\/08\/civiles-50.jpg\" class=\"attachment-full size-full\" alt=\"\" loading=\"lazy\" srcset=\"https:\/\/pathere.org\/wp-content\/uploads\/2023\/08\/civiles-50.jpg 350w, https:\/\/pathere.org\/wp-content\/uploads\/2023\/08\/civiles-50-300x214.jpg 300w, https:\/\/pathere.org\/wp-content\/uploads\/2023\/08\/civiles-50-18x12.jpg 18w\" sizes=\"(max-width: 350px) 100vw, 350px\" \/>\t\t\t\t\t\t\t\t<\/a>\n\t\t\t\t\t\t\t\t\t\t\t\t\t\t\t<\/div>\n\t\t\t\t<\/div>\n\t\t\t\t<div class=\"elementor-element elementor-element-86c3be4 elementor-widget elementor-widget-heading\" data-id=\"86c3be4\" data-element_type=\"widget\" data-widget_type=\"heading.default\">\n\t\t\t\t<div class=\"elementor-widget-container\">\n\t\t\t<h3 class=\"elementor-heading-title elementor-size-default\">REGISTROS CIVILES<\/h3>\t\t<\/div>\n\t\t\t\t<\/div>\n\t\t\t\t\t<\/div>\n\t\t<\/div>\n\t\t\t\t<div class=\"elementor-column elementor-col-33 elementor-top-column elementor-element elementor-element-a3c5dc3\" data-id=\"a3c5dc3\" data-element_type=\"column\">\n\t\t\t<div class=\"elementor-widget-wrap elementor-element-populated\">\n\t\t\t\t\t\t\t\t<div class=\"elementor-element elementor-element-9a03232 elementor-widget elementor-widget-theme-post-featured-image elementor-widget-image\" data-id=\"9a03232\" data-element_type=\"widget\" data-widget_type=\"theme-post-featured-image.default\">\n\t\t\t\t<div class=\"elementor-widget-container\">\n\t\t\t\t\t\t\t\t\t\t\t\t<figure class=\"wp-caption\">\n\t\t\t\t\t\t\t\t\t\t\t<a href=\"https:\/\/pathere.org\/es\/consulate\/tramites-notariales\/\">\n\t\t\t\t\t\t\t<img width=\"350\" height=\"250\" src=\"https:\/\/pathere.org\/wp-content\/uploads\/2023\/08\/notariales-50.jpg\" class=\"attachment-large size-large\" alt=\"\" loading=\"lazy\" srcset=\"https:\/\/pathere.org\/wp-content\/uploads\/2023\/08\/notariales-50.jpg 350w, https:\/\/pathere.org\/wp-content\/uploads\/2023\/08\/notariales-50-300x214.jpg 300w, https:\/\/pathere.org\/wp-content\/uploads\/2023\/08\/notariales-50-18x12.jpg 18w\" sizes=\"(max-width: 350px) 100vw, 350px\" \/>\t\t\t\t\t\t\t\t<\/a>\n\t\t\t\t\t\t\t\t\t\t\t<figcaption class=\"widget-image-caption wp-caption-text\"><\/figcaption>\n\t\t\t\t\t\t\t\t\t\t<\/figure>\n\t\t\t\t\t\t\t\t\t<\/div>\n\t\t\t\t<\/div>\n\t\t\t\t<div class=\"elementor-element elementor-element-79d42e3 elementor-widget elementor-widget-heading\" data-id=\"79d42e3\" data-element_type=\"widget\" data-widget_type=\"heading.default\">\n\t\t\t\t<div class=\"elementor-widget-container\">\n\t\t\t<h3 class=\"elementor-heading-title elementor-size-default\">TR\u00c1MITES NOTARIALES<\/h3>\t\t<\/div>\n\t\t\t\t<\/div>\n\t\t\t\t\t<\/div>\n\t\t<\/div>\n\t\t\t\t\t\t\t<\/div>\n\t\t<\/section>\n\t\t\t\t<section class=\"elementor-section elementor-top-section elementor-element elementor-element-87154f9 elementor-section-boxed elementor-section-height-default elementor-section-height-default edgtf-elementor-container-no edgtf-section edgtf-parallax-section-holder-touch-disabled edgtf-parallax-section-no\" data-id=\"87154f9\" data-element_type=\"section\" data-settings=\"{&quot;background_background&quot;:&quot;classic&quot;}\">\n\t\t\t\t\t\t<div class=\"elementor-container elementor-column-gap-default\">\n\t\t\t\t\t<div class=\"elementor-column elementor-col-50 elementor-top-column elementor-element elementor-element-fbf5efa\" data-id=\"fbf5efa\" data-element_type=\"column\">\n\t\t\t<div class=\"elementor-widget-wrap elementor-element-populated\">\n\t\t\t\t\t\t\t\t<div class=\"elementor-element elementor-element-218f640 elementor-view-default elementor-mobile-position-top elementor-vertical-align-top elementor-widget elementor-widget-icon-box\" data-id=\"218f640\" data-element_type=\"widget\" data-widget_type=\"icon-box.default\">\n\t\t\t\t<div class=\"elementor-widget-container\">\n\t\t\t<link rel=\"stylesheet\" href=\"https:\/\/pathere.org\/wp-content\/plugins\/elementor\/assets\/css\/widget-icon-box.min.css\">\t\t<div class=\"elementor-icon-box-wrapper\">\n\t\t\t\t\t\t<div class=\"elementor-icon-box-icon\">\n\t\t\t\t<span class=\"elementor-icon elementor-animation-\" >\n\t\t\t\t<i aria-hidden=\"true\" class=\"fas fa-clock\"><\/i>\t\t\t\t<\/span>\n\t\t\t<\/div>\n\t\t\t\t\t\t<div class=\"elementor-icon-box-content\">\n\t\t\t\t<h3 class=\"elementor-icon-box-title\">\n\t\t\t\t\t<span  >\n\t\t\t\t\t\tHorario de Atenci\u00f3n\t\t\t\t\t<\/span>\n\t\t\t\t<\/h3>\n\t\t\t\t\t\t\t\t\t<p class=\"elementor-icon-box-description\">\n\t\t\t\t\t\tLunes a Viernes de 8:30am a 1:30pm\t\t\t\t\t<\/p>\n\t\t\t\t\t\t\t<\/div>\n\t\t<\/div>\n\t\t\t\t<\/div>\n\t\t\t\t<\/div>\n\t\t\t\t<div class=\"elementor-element elementor-element-4e1b269 elementor-view-default elementor-mobile-position-top elementor-vertical-align-top elementor-widget elementor-widget-icon-box\" data-id=\"4e1b269\" data-element_type=\"widget\" data-widget_type=\"icon-box.default\">\n\t\t\t\t<div class=\"elementor-widget-container\">\n\t\t\t\t\t<div class=\"elementor-icon-box-wrapper\">\n\t\t\t\t\t\t<div class=\"elementor-icon-box-icon\">\n\t\t\t\t<span class=\"elementor-icon elementor-animation-\" >\n\t\t\t\t<i aria-hidden=\"true\" class=\"fas fa-map-marker-alt\"><\/i>\t\t\t\t<\/span>\n\t\t\t<\/div>\n\t\t\t\t\t\t<div class=\"elementor-icon-box-content\">\n\t\t\t\t<h3 class=\"elementor-icon-box-title\">\n\t\t\t\t\t<span  >\n\t\t\t\t\t\tDirecci\u00f3n del Consulado\t\t\t\t\t<\/span>\n\t\t\t\t<\/h3>\n\t\t\t\t\t\t\t\t\t<p class=\"elementor-icon-box-description\">\n\t\t\t\t\t\t100 Hamilton Plaza #1220, Paterson, NJ 07505\n\t\t\t\t\t<\/p>\n\t\t\t\t\t\t\t<\/div>\n\t\t<\/div>\n\t\t\t\t<\/div>\n\t\t\t\t<\/div>\n\t\t\t\t<div class=\"elementor-element elementor-element-584319f elementor-widget elementor-widget-google_maps\" data-id=\"584319f\" data-element_type=\"widget\" data-widget_type=\"google_maps.default\">\n\t\t\t\t<div class=\"elementor-widget-container\">\n\t\t\t<style>\/*! elementor - v3.7.0 - 08-08-2022 *\/\n.elementor-widget-google_maps .elementor-widget-container{overflow:hidden}.elementor-widget-google_maps iframe{height:300px}<\/style>\t\t<div class=\"elementor-custom-embed\">\n\t\t\t<iframe frameborder=\"0\" scrolling=\"no\" marginheight=\"0\" marginwidth=\"0\"\n\t\t\t\t\tsrc=\"https:\/\/maps.google.com\/maps?q=100%20Hamilton%20Plaza%20%231220%2C%20Paterson%2C%20NJ%2007505&#038;t=m&#038;z=14&#038;output=embed&#038;iwloc=near\"\n\t\t\t\t\ttitle=\"100 Hamilton Plaza #1220, Paterson, NJ 07505\"\n\t\t\t\t\taria-label=\"100 Hamilton Plaza #1220, Paterson, NJ 07505\"\n\t\t\t><\/iframe>\n\t\t<\/div>\n\t\t\t\t<\/div>\n\t\t\t\t<\/div>\n\t\t\t\t\t<\/div>\n\t\t<\/div>\n\t\t\t\t<div class=\"elementor-column elementor-col-50 elementor-top-column elementor-element elementor-element-05ef042\" data-id=\"05ef042\" data-element_type=\"column\">\n\t\t\t<div class=\"elementor-widget-wrap elementor-element-populated\">\n\t\t\t\t\t\t\t\t<div class=\"elementor-element elementor-element-49613ba elementor-view-default elementor-mobile-position-top elementor-vertical-align-top elementor-widget elementor-widget-icon-box\" data-id=\"49613ba\" data-element_type=\"widget\" data-widget_type=\"icon-box.default\">\n\t\t\t\t<div class=\"elementor-widget-container\">\n\t\t\t\t\t<div class=\"elementor-icon-box-wrapper\">\n\t\t\t\t\t\t<div class=\"elementor-icon-box-icon\">\n\t\t\t\t<span class=\"elementor-icon elementor-animation-\" >\n\t\t\t\t<i aria-hidden=\"true\" class=\"fas fa-phone-square-alt\"><\/i>\t\t\t\t<\/span>\n\t\t\t<\/div>\n\t\t\t\t\t\t<div class=\"elementor-icon-box-content\">\n\t\t\t\t<h3 class=\"elementor-icon-box-title\">\n\t\t\t\t\t<span  >\n\t\t\t\t\t\tTel\u00e9fonos del Consulado\t\t\t\t\t<\/span>\n\t\t\t\t<\/h3>\n\t\t\t\t\t\t\t\t\t<p class=\"elementor-icon-box-description\">\n\t\t\t\t\t\t973-278-3324  \/\/ 973-278-2221 <br>\n973-278-0166 \/\/ 973-333-6026\n\t\t\t\t\t<\/p>\n\t\t\t\t\t\t\t<\/div>\n\t\t<\/div>\n\t\t\t\t<\/div>\n\t\t\t\t<\/div>\n\t\t\t\t<div class=\"elementor-element elementor-element-2f51d18 elementor-widget elementor-widget-html\" data-id=\"2f51d18\" data-element_type=\"widget\" data-widget_type=\"html.default\">\n\t\t\t\t<div class=\"elementor-widget-container\">\n\t\t\t<style>\r\ntable {\r\n  font-family: Roboto;\r\n  color: white;\r\n  border-collapse: collapse;\r\n  width: 100%;\r\n  border: 0px;\r\n  \r\n}\r\n\r\ntd, th {\r\n  \r\n  text-align: left;\r\n  padding: 8px !important;\r\n  border:0px;\r\n}\r\n\r\ntr {\r\n   text-align: left;\r\n   border: 0px;\r\n}\r\n\r\n<\/style>\r\n\r\n<table>\r\n  <tr >\r\n    <th>\u00c1rea<\/th>\r\n    <th>Contacto<\/th>\r\n    <th>Anexo<\/th>\r\n  <\/tr>\r\n  <tr style=\"border:0px\">\r\n    <td>Pasaportes<\/td>\r\n    <td>www.conpernj.com<\/td>\r\n    <td>309 - 310 -304<\/td>\r\n  <\/tr>\r\n  <tr style=\"border:0px\">\r\n    <td>DNI<\/td>\r\n    <td>dni@conpernj.org<\/td>\r\n    <td>316 - 315<\/td>\r\n  <\/tr>\r\n  <tr style=\"border:0px\">\r\n    <td >Escrituras P\u00fablicas <\/td>\r\n    <td>poderes@conpernj.org<\/td>\r\n    <td>308 - 312<\/td>\r\n  <\/tr>\r\n  <tr style=\"border:0px\">\r\n    <td>Notariales<\/td>\r\n    <td>notariales@conpernj.org<\/td>\r\n    <td>313<\/td>\r\n  <\/tr>\r\n  <tr style=\"border:0px\">\r\n    <td>Registros Civiles<\/td>\r\n    <td>registrosciviles@conpernj.org<\/td>\r\n    <td>313 - 315 - 350<\/td>\r\n  <\/tr>\r\n  <tr style=\"border:0px\">\r\n    <td>Visas<\/td>\r\n    <td>visas@conpernj.org<\/td>\r\n    <td>309<\/td>\r\n  <\/tr>\r\n<\/table>\r\n\r\n\r\n\r\n\t\t<\/div>\n\t\t\t\t<\/div>\n\t\t\t\t\t<\/div>\n\t\t<\/div>\n\t\t\t\t\t\t\t<\/div>\n\t\t<\/section>\n\t\t\t\t\t\t\t<\/div>","protected":false},"excerpt":{"rendered":"<p>TR\u00c1MITES NOTARIALES PODER NOTARIAL FUERA DE REGISTRO REQUISITOS DNI. Costos: jubilaci\u00f3n US$ 10.00 Cesant\u00eda, Viudez y otros: US$ 25.00 LEGALIZACIONES Se legalizan documentos extranjeros previa certificaci\u00f3n del respectivo County Clerk en NJ o PA salvo los certificados de nacimiento, matrimonio y defunci\u00f3n. Costo US$ 30.00 AUTORIZACI\u00d3N DE VIAJE PARA MENORES REQUISITOS Copia del DNI del&#8230;<\/p>","protected":false},"author":1,"featured_media":0,"parent":20480,"menu_order":0,"comment_status":"closed","ping_status":"closed","template":"full-width.php","meta":{"_joinchat":[]},"_links":{"self":[{"href":"https:\/\/pathere.org\/es\/wp-json\/wp\/v2\/pages\/20743"}],"collection":[{"href":"https:\/\/pathere.org\/es\/wp-json\/wp\/v2\/pages"}],"about":[{"href":"https:\/\/pathere.org\/es\/wp-json\/wp\/v2\/types\/page"}],"author":[{"embeddable":true,"href":"https:\/\/pathere.org\/es\/wp-json\/wp\/v2\/users\/1"}],"replies":[{"embeddable":true,"href":"https:\/\/pathere.org\/es\/wp-json\/wp\/v2\/comments?post=20743"}],"version-history":[{"count":8,"href":"https:\/\/pathere.org\/es\/wp-json\/wp\/v2\/pages\/20743\/revisions"}],"predecessor-version":[{"id":20846,"href":"https:\/\/pathere.org\/es\/wp-json\/wp\/v2\/pages\/20743\/revisions\/20846"}],"up":[{"embeddable":true,"href":"https:\/\/pathere.org\/es\/wp-json\/wp\/v2\/pages\/20480"}],"wp:attachment":[{"href":"https:\/\/pathere.org\/es\/wp-json\/wp\/v2\/media?parent=20743"}],"curies":[{"name":"wp","href":"https:\/\/api.w.org\/{rel}","templated":true}]}}