
{"id":20480,"date":"2023-07-17T17:05:11","date_gmt":"2023-07-17T17:05:11","guid":{"rendered":"https:\/\/pathere.org\/?page_id=20480"},"modified":"2023-08-29T23:21:58","modified_gmt":"2023-08-29T23:21:58","slug":"consulate","status":"publish","type":"page","link":"https:\/\/pathere.org\/es\/consulate\/","title":{"rendered":"Consulate"},"content":{"rendered":"<div data-elementor-type=\"wp-page\" data-elementor-id=\"20480\" class=\"elementor elementor-20480\">\n\t\t\t\t\t\t\t\t\t<section class=\"elementor-section elementor-top-section elementor-element elementor-element-840f5c7 elementor-section-boxed elementor-section-height-default elementor-section-height-default edgtf-elementor-container-no edgtf-section edgtf-parallax-section-holder-touch-disabled edgtf-parallax-section-no\" data-id=\"840f5c7\" data-element_type=\"section\">\n\t\t\t\t\t\t<div class=\"elementor-container elementor-column-gap-default\">\n\t\t\t\t\t<div class=\"elementor-column elementor-col-100 elementor-top-column elementor-element elementor-element-3780df3\" data-id=\"3780df3\" data-element_type=\"column\">\n\t\t\t<div class=\"elementor-widget-wrap elementor-element-populated\">\n\t\t\t\t\t\t\t\t<div class=\"elementor-element elementor-element-63ea738 elementor-widget elementor-widget-image\" data-id=\"63ea738\" data-element_type=\"widget\" data-widget_type=\"image.default\">\n\t\t\t\t<div class=\"elementor-widget-container\">\n\t\t\t<style>\/*! elementor - v3.7.0 - 08-08-2022 *\/\n.elementor-widget-image{text-align:center}.elementor-widget-image a{display:inline-block}.elementor-widget-image a img[src$=\".svg\"]{width:48px}.elementor-widget-image img{vertical-align:middle;display:inline-block}<\/style>\t\t\t\t\t\t\t\t\t\t\t\t<img width=\"255\" height=\"48\" src=\"https:\/\/pathere.org\/wp-content\/uploads\/2023\/07\/Consulate-General-of-Peru-in-Paterson.png\" class=\"attachment-full size-full\" alt=\"\" loading=\"lazy\" srcset=\"https:\/\/pathere.org\/wp-content\/uploads\/2023\/07\/Consulate-General-of-Peru-in-Paterson.png 255w, https:\/\/pathere.org\/wp-content\/uploads\/2023\/07\/Consulate-General-of-Peru-in-Paterson-18x3.png 18w\" sizes=\"(max-width: 255px) 100vw, 255px\" \/>\t\t\t\t\t\t\t\t\t\t\t\t\t\t\t<\/div>\n\t\t\t\t<\/div>\n\t\t\t\t<div class=\"elementor-element elementor-element-16b32dd elementor-widget elementor-widget-heading\" data-id=\"16b32dd\" data-element_type=\"widget\" data-widget_type=\"heading.default\">\n\t\t\t\t<div class=\"elementor-widget-container\">\n\t\t\t<style>\/*! elementor - v3.7.0 - 08-08-2022 *\/\n.elementor-heading-title{padding:0;margin:0;line-height:1}.elementor-widget-heading .elementor-heading-title[class*=elementor-size-]>a{color:inherit;font-size:inherit;line-height:inherit}.elementor-widget-heading .elementor-heading-title.elementor-size-small{font-size:15px}.elementor-widget-heading .elementor-heading-title.elementor-size-medium{font-size:19px}.elementor-widget-heading .elementor-heading-title.elementor-size-large{font-size:29px}.elementor-widget-heading .elementor-heading-title.elementor-size-xl{font-size:39px}.elementor-widget-heading .elementor-heading-title.elementor-size-xxl{font-size:59px}<\/style><h2 class=\"elementor-heading-title elementor-size-default\">Consulado General del Per\u00fa en Paterson<\/h2>\t\t<\/div>\n\t\t\t\t<\/div>\n\t\t\t\t<div class=\"elementor-element elementor-element-d6d96d7 elementor-widget elementor-widget-qi_addons_for_elementor_separator\" data-id=\"d6d96d7\" data-element_type=\"widget\" data-widget_type=\"qi_addons_for_elementor_separator.default\">\n\t\t\t\t<div class=\"elementor-widget-container\">\n\t\t\t<div class=\"qodef-shortcode qodef-m  qodef-qi-separator qodef-qi-clear qodef-separator--standard qodef-position--center\">\n\t<div class=\"qodef-m-line\"><\/div>\n<\/div>\n\t\t<\/div>\n\t\t\t\t<\/div>\n\t\t\t\t<div class=\"elementor-element elementor-element-a1f4826 elementor-widget elementor-widget-text-editor\" data-id=\"a1f4826\" data-element_type=\"widget\" data-widget_type=\"text-editor.default\">\n\t\t\t\t<div class=\"elementor-widget-container\">\n\t\t\t<style>\/*! elementor - v3.7.0 - 08-08-2022 *\/\n.elementor-widget-text-editor.elementor-drop-cap-view-stacked .elementor-drop-cap{background-color:#818a91;color:#fff}.elementor-widget-text-editor.elementor-drop-cap-view-framed .elementor-drop-cap{color:#818a91;border:3px solid;background-color:transparent}.elementor-widget-text-editor:not(.elementor-drop-cap-view-default) .elementor-drop-cap{margin-top:8px}.elementor-widget-text-editor:not(.elementor-drop-cap-view-default) .elementor-drop-cap-letter{width:1em;height:1em}.elementor-widget-text-editor .elementor-drop-cap{float:left;text-align:center;line-height:1;font-size:50px}.elementor-widget-text-editor .elementor-drop-cap-letter{display:inline-block}<\/style>\t\t\t\t<p style=\"text-align: center;\">En esta secci\u00f3n puedes acceder a toda la informaci\u00f3n p\u00fablica de los servicios que ofrece el Consulado General del Per\u00fa en Paterson.<\/p>\t\t\t\t\t\t<\/div>\n\t\t\t\t<\/div>\n\t\t\t\t<div class=\"elementor-element elementor-element-b0801d9 elementor-widget elementor-widget-heading\" data-id=\"b0801d9\" data-element_type=\"widget\" data-widget_type=\"heading.default\">\n\t\t\t\t<div class=\"elementor-widget-container\">\n\t\t\t<h2 class=\"elementor-heading-title elementor-size-default\">TR\u00c1MITES CONSULARES<\/h2>\t\t<\/div>\n\t\t\t\t<\/div>\n\t\t\t\t\t<\/div>\n\t\t<\/div>\n\t\t\t\t\t\t\t<\/div>\n\t\t<\/section>\n\t\t\t\t<section class=\"elementor-section elementor-top-section elementor-element elementor-element-ad096ee elementor-section-boxed elementor-section-height-default elementor-section-height-default edgtf-elementor-container-no edgtf-section edgtf-parallax-section-holder-touch-disabled edgtf-parallax-section-no\" data-id=\"ad096ee\" data-element_type=\"section\">\n\t\t\t\t\t\t<div class=\"elementor-container elementor-column-gap-default\">\n\t\t\t\t\t<div class=\"elementor-column elementor-col-33 elementor-top-column elementor-element elementor-element-5df4a80\" data-id=\"5df4a80\" data-element_type=\"column\">\n\t\t\t<div class=\"elementor-widget-wrap elementor-element-populated\">\n\t\t\t\t\t\t\t\t<div class=\"elementor-element elementor-element-99286f6 elementor-widget elementor-widget-image\" data-id=\"99286f6\" data-element_type=\"widget\" data-widget_type=\"image.default\">\n\t\t\t\t<div class=\"elementor-widget-container\">\n\t\t\t\t\t\t\t\t\t\t\t\t\t\t\t\t<a href=\"https:\/\/pathere.org\/es\/consulate\/dni\/\">\n\t\t\t\t\t\t\t<img width=\"350\" height=\"250\" src=\"https:\/\/pathere.org\/wp-content\/uploads\/2023\/08\/dni-50.jpg\" class=\"attachment-full size-full\" alt=\"\" loading=\"lazy\" srcset=\"https:\/\/pathere.org\/wp-content\/uploads\/2023\/08\/dni-50.jpg 350w, https:\/\/pathere.org\/wp-content\/uploads\/2023\/08\/dni-50-300x214.jpg 300w, https:\/\/pathere.org\/wp-content\/uploads\/2023\/08\/dni-50-18x12.jpg 18w\" sizes=\"(max-width: 350px) 100vw, 350px\" \/>\t\t\t\t\t\t\t\t<\/a>\n\t\t\t\t\t\t\t\t\t\t\t\t\t\t\t<\/div>\n\t\t\t\t<\/div>\n\t\t\t\t<div class=\"elementor-element elementor-element-3f8039e elementor-widget elementor-widget-heading\" data-id=\"3f8039e\" data-element_type=\"widget\" data-widget_type=\"heading.default\">\n\t\t\t\t<div class=\"elementor-widget-container\">\n\t\t\t<h3 class=\"elementor-heading-title elementor-size-default\">DNI<\/h3>\t\t<\/div>\n\t\t\t\t<\/div>\n\t\t\t\t\t<\/div>\n\t\t<\/div>\n\t\t\t\t<div class=\"elementor-column elementor-col-33 elementor-top-column elementor-element elementor-element-3669bfd\" data-id=\"3669bfd\" data-element_type=\"column\">\n\t\t\t<div class=\"elementor-widget-wrap elementor-element-populated\">\n\t\t\t\t\t\t\t\t<div class=\"elementor-element elementor-element-19ecbb5 elementor-widget elementor-widget-image\" data-id=\"19ecbb5\" data-element_type=\"widget\" data-widget_type=\"image.default\">\n\t\t\t\t<div class=\"elementor-widget-container\">\n\t\t\t\t\t\t\t\t\t\t\t\t\t\t\t\t<a href=\"https:\/\/pathere.org\/es\/consulate\/registro-civiles\/\">\n\t\t\t\t\t\t\t<img width=\"350\" height=\"250\" src=\"https:\/\/pathere.org\/wp-content\/uploads\/2023\/08\/civiles-50.jpg\" class=\"attachment-full size-full\" alt=\"\" loading=\"lazy\" srcset=\"https:\/\/pathere.org\/wp-content\/uploads\/2023\/08\/civiles-50.jpg 350w, https:\/\/pathere.org\/wp-content\/uploads\/2023\/08\/civiles-50-300x214.jpg 300w, https:\/\/pathere.org\/wp-content\/uploads\/2023\/08\/civiles-50-18x12.jpg 18w\" sizes=\"(max-width: 350px) 100vw, 350px\" \/>\t\t\t\t\t\t\t\t<\/a>\n\t\t\t\t\t\t\t\t\t\t\t\t\t\t\t<\/div>\n\t\t\t\t<\/div>\n\t\t\t\t<div class=\"elementor-element elementor-element-86c3be4 elementor-widget elementor-widget-heading\" data-id=\"86c3be4\" data-element_type=\"widget\" data-widget_type=\"heading.default\">\n\t\t\t\t<div class=\"elementor-widget-container\">\n\t\t\t<h3 class=\"elementor-heading-title elementor-size-default\">REGISTROS CIVILES<\/h3>\t\t<\/div>\n\t\t\t\t<\/div>\n\t\t\t\t\t<\/div>\n\t\t<\/div>\n\t\t\t\t<div class=\"elementor-column elementor-col-33 elementor-top-column elementor-element elementor-element-a3c5dc3\" data-id=\"a3c5dc3\" data-element_type=\"column\">\n\t\t\t<div class=\"elementor-widget-wrap elementor-element-populated\">\n\t\t\t\t\t\t\t\t<div class=\"elementor-element elementor-element-9a03232 elementor-widget elementor-widget-theme-post-featured-image elementor-widget-image\" data-id=\"9a03232\" data-element_type=\"widget\" data-widget_type=\"theme-post-featured-image.default\">\n\t\t\t\t<div class=\"elementor-widget-container\">\n\t\t\t\t\t\t\t\t\t\t\t\t<figure class=\"wp-caption\">\n\t\t\t\t\t\t\t\t\t\t\t<a href=\"https:\/\/pathere.org\/es\/consulate\/tramites-notariales\/\">\n\t\t\t\t\t\t\t<img width=\"350\" height=\"250\" src=\"https:\/\/pathere.org\/wp-content\/uploads\/2023\/08\/notariales-50.jpg\" class=\"attachment-large size-large\" alt=\"\" loading=\"lazy\" srcset=\"https:\/\/pathere.org\/wp-content\/uploads\/2023\/08\/notariales-50.jpg 350w, https:\/\/pathere.org\/wp-content\/uploads\/2023\/08\/notariales-50-300x214.jpg 300w, https:\/\/pathere.org\/wp-content\/uploads\/2023\/08\/notariales-50-18x12.jpg 18w\" sizes=\"(max-width: 350px) 100vw, 350px\" \/>\t\t\t\t\t\t\t\t<\/a>\n\t\t\t\t\t\t\t\t\t\t\t<figcaption class=\"widget-image-caption wp-caption-text\"><\/figcaption>\n\t\t\t\t\t\t\t\t\t\t<\/figure>\n\t\t\t\t\t\t\t\t\t<\/div>\n\t\t\t\t<\/div>\n\t\t\t\t<div class=\"elementor-element elementor-element-79d42e3 elementor-widget elementor-widget-heading\" data-id=\"79d42e3\" data-element_type=\"widget\" data-widget_type=\"heading.default\">\n\t\t\t\t<div class=\"elementor-widget-container\">\n\t\t\t<h3 class=\"elementor-heading-title elementor-size-default\">TR\u00c1MITES NOTARIALES<\/h3>\t\t<\/div>\n\t\t\t\t<\/div>\n\t\t\t\t\t<\/div>\n\t\t<\/div>\n\t\t\t\t\t\t\t<\/div>\n\t\t<\/section>\n\t\t\t\t<section class=\"elementor-section elementor-top-section elementor-element elementor-element-3977696 elementor-section-boxed elementor-section-height-default elementor-section-height-default edgtf-elementor-container-no edgtf-section edgtf-parallax-section-holder-touch-disabled edgtf-parallax-section-no\" data-id=\"3977696\" data-element_type=\"section\">\n\t\t\t\t\t\t<div class=\"elementor-container elementor-column-gap-default\">\n\t\t\t\t\t<div class=\"elementor-column elementor-col-33 elementor-top-column elementor-element elementor-element-1340128\" data-id=\"1340128\" data-element_type=\"column\">\n\t\t\t<div class=\"elementor-widget-wrap\">\n\t\t\t\t\t\t\t\t\t<\/div>\n\t\t<\/div>\n\t\t\t\t<div class=\"elementor-column elementor-col-33 elementor-top-column elementor-element elementor-element-aead6cf\" data-id=\"aead6cf\" data-element_type=\"column\">\n\t\t\t<div class=\"elementor-widget-wrap elementor-element-populated\">\n\t\t\t\t\t\t\t\t<div class=\"elementor-element elementor-element-324fc28 elementor-widget elementor-widget-image\" data-id=\"324fc28\" data-element_type=\"widget\" data-widget_type=\"image.default\">\n\t\t\t\t<div class=\"elementor-widget-container\">\n\t\t\t\t\t\t\t\t\t\t\t\t\t\t\t\t<a href=\"https:\/\/pathere.org\/es\/consulate\/preguntas-frecuentes-faq\/\">\n\t\t\t\t\t\t\t<img width=\"350\" height=\"250\" src=\"https:\/\/pathere.org\/wp-content\/uploads\/2023\/08\/FAQ-50.jpg\" class=\"attachment-full size-full\" alt=\"\" loading=\"lazy\" srcset=\"https:\/\/pathere.org\/wp-content\/uploads\/2023\/08\/FAQ-50.jpg 350w, https:\/\/pathere.org\/wp-content\/uploads\/2023\/08\/FAQ-50-300x214.jpg 300w, https:\/\/pathere.org\/wp-content\/uploads\/2023\/08\/FAQ-50-18x12.jpg 18w\" sizes=\"(max-width: 350px) 100vw, 350px\" \/>\t\t\t\t\t\t\t\t<\/a>\n\t\t\t\t\t\t\t\t\t\t\t\t\t\t\t<\/div>\n\t\t\t\t<\/div>\n\t\t\t\t<div class=\"elementor-element elementor-element-5a4f058 elementor-widget elementor-widget-heading\" data-id=\"5a4f058\" data-element_type=\"widget\" data-widget_type=\"heading.default\">\n\t\t\t\t<div class=\"elementor-widget-container\">\n\t\t\t<h3 class=\"elementor-heading-title elementor-size-default\">PREGUNTAS FRECUENTES (FAQ)<\/h3>\t\t<\/div>\n\t\t\t\t<\/div>\n\t\t\t\t\t<\/div>\n\t\t<\/div>\n\t\t\t\t<div class=\"elementor-column elementor-col-33 elementor-top-column elementor-element elementor-element-74e50e3\" data-id=\"74e50e3\" data-element_type=\"column\">\n\t\t\t<div class=\"elementor-widget-wrap\">\n\t\t\t\t\t\t\t\t\t<\/div>\n\t\t<\/div>\n\t\t\t\t\t\t\t<\/div>\n\t\t<\/section>\n\t\t\t\t<section class=\"elementor-section elementor-top-section elementor-element elementor-element-3e01dba elementor-section-boxed elementor-section-height-default elementor-section-height-default edgtf-elementor-container-no edgtf-section edgtf-parallax-section-holder-touch-disabled edgtf-parallax-section-no\" data-id=\"3e01dba\" data-element_type=\"section\" data-settings=\"{&quot;background_background&quot;:&quot;classic&quot;}\">\n\t\t\t\t\t\t<div class=\"elementor-container elementor-column-gap-default\">\n\t\t\t\t\t<div class=\"elementor-column elementor-col-50 elementor-top-column elementor-element elementor-element-0e3a328\" data-id=\"0e3a328\" data-element_type=\"column\">\n\t\t\t<div class=\"elementor-widget-wrap elementor-element-populated\">\n\t\t\t\t\t\t\t\t<div class=\"elementor-element elementor-element-258f4de elementor-view-default elementor-mobile-position-top elementor-vertical-align-top elementor-widget elementor-widget-icon-box\" data-id=\"258f4de\" data-element_type=\"widget\" data-widget_type=\"icon-box.default\">\n\t\t\t\t<div class=\"elementor-widget-container\">\n\t\t\t<link rel=\"stylesheet\" href=\"https:\/\/pathere.org\/wp-content\/plugins\/elementor\/assets\/css\/widget-icon-box.min.css\">\t\t<div class=\"elementor-icon-box-wrapper\">\n\t\t\t\t\t\t<div class=\"elementor-icon-box-icon\">\n\t\t\t\t<span class=\"elementor-icon elementor-animation-\" >\n\t\t\t\t<i aria-hidden=\"true\" class=\"fas fa-clock\"><\/i>\t\t\t\t<\/span>\n\t\t\t<\/div>\n\t\t\t\t\t\t<div class=\"elementor-icon-box-content\">\n\t\t\t\t<h3 class=\"elementor-icon-box-title\">\n\t\t\t\t\t<span  >\n\t\t\t\t\t\tHorario de atenci\u00f3n\t\t\t\t\t<\/span>\n\t\t\t\t<\/h3>\n\t\t\t\t\t\t\t\t\t<p class=\"elementor-icon-box-description\">\n\t\t\t\t\t\tLunes a Viernes de 8:30am a 1:30pm\t\t\t\t\t<\/p>\n\t\t\t\t\t\t\t<\/div>\n\t\t<\/div>\n\t\t\t\t<\/div>\n\t\t\t\t<\/div>\n\t\t\t\t<div class=\"elementor-element elementor-element-67b82be elementor-view-default elementor-mobile-position-top elementor-vertical-align-top elementor-widget elementor-widget-icon-box\" data-id=\"67b82be\" data-element_type=\"widget\" data-widget_type=\"icon-box.default\">\n\t\t\t\t<div class=\"elementor-widget-container\">\n\t\t\t\t\t<div class=\"elementor-icon-box-wrapper\">\n\t\t\t\t\t\t<div class=\"elementor-icon-box-icon\">\n\t\t\t\t<span class=\"elementor-icon elementor-animation-\" >\n\t\t\t\t<i aria-hidden=\"true\" class=\"fas fa-map-marker-alt\"><\/i>\t\t\t\t<\/span>\n\t\t\t<\/div>\n\t\t\t\t\t\t<div class=\"elementor-icon-box-content\">\n\t\t\t\t<h3 class=\"elementor-icon-box-title\">\n\t\t\t\t\t<span  >\n\t\t\t\t\t\tDirecci\u00f3n del consulado\t\t\t\t\t<\/span>\n\t\t\t\t<\/h3>\n\t\t\t\t\t\t\t\t\t<p class=\"elementor-icon-box-description\">\n\t\t\t\t\t\t100 Hamilton Plaza #1220, Paterson, NJ 07505\t\t\t\t\t<\/p>\n\t\t\t\t\t\t\t<\/div>\n\t\t<\/div>\n\t\t\t\t<\/div>\n\t\t\t\t<\/div>\n\t\t\t\t<div class=\"elementor-element elementor-element-584319f elementor-widget elementor-widget-google_maps\" data-id=\"584319f\" data-element_type=\"widget\" data-widget_type=\"google_maps.default\">\n\t\t\t\t<div class=\"elementor-widget-container\">\n\t\t\t<style>\/*! elementor - v3.7.0 - 08-08-2022 *\/\n.elementor-widget-google_maps .elementor-widget-container{overflow:hidden}.elementor-widget-google_maps iframe{height:300px}<\/style>\t\t<div class=\"elementor-custom-embed\">\n\t\t\t<iframe frameborder=\"0\" scrolling=\"no\" marginheight=\"0\" marginwidth=\"0\"\n\t\t\t\t\tsrc=\"https:\/\/maps.google.com\/maps?q=100%20Hamilton%20Plaza%20%231220%2C%20Paterson%2C%20NJ%2007505&#038;t=m&#038;z=14&#038;output=embed&#038;iwloc=near\"\n\t\t\t\t\ttitle=\"100 Hamilton Plaza #1220, Paterson, NJ 07505\"\n\t\t\t\t\taria-label=\"100 Hamilton Plaza #1220, Paterson, NJ 07505\"\n\t\t\t><\/iframe>\n\t\t<\/div>\n\t\t\t\t<\/div>\n\t\t\t\t<\/div>\n\t\t\t\t\t<\/div>\n\t\t<\/div>\n\t\t\t\t<div class=\"elementor-column elementor-col-50 elementor-top-column elementor-element elementor-element-7b7ae2d\" data-id=\"7b7ae2d\" data-element_type=\"column\">\n\t\t\t<div class=\"elementor-widget-wrap elementor-element-populated\">\n\t\t\t\t\t\t\t\t<div class=\"elementor-element elementor-element-4178a80 elementor-view-default elementor-mobile-position-top elementor-vertical-align-top elementor-widget elementor-widget-icon-box\" data-id=\"4178a80\" data-element_type=\"widget\" data-widget_type=\"icon-box.default\">\n\t\t\t\t<div class=\"elementor-widget-container\">\n\t\t\t\t\t<div class=\"elementor-icon-box-wrapper\">\n\t\t\t\t\t\t<div class=\"elementor-icon-box-icon\">\n\t\t\t\t<span class=\"elementor-icon elementor-animation-\" >\n\t\t\t\t<i aria-hidden=\"true\" class=\"fas fa-phone-square-alt\"><\/i>\t\t\t\t<\/span>\n\t\t\t<\/div>\n\t\t\t\t\t\t<div class=\"elementor-icon-box-content\">\n\t\t\t\t<h3 class=\"elementor-icon-box-title\">\n\t\t\t\t\t<span  >\n\t\t\t\t\t\tTel\u00e9fonos del consulado\t\t\t\t\t<\/span>\n\t\t\t\t<\/h3>\n\t\t\t\t\t\t\t\t\t<p class=\"elementor-icon-box-description\">\n\t\t\t\t\t\t973-278-3324 \/\/ 973-278-2221 <br>\n973-278-0166 \/\/ 973-333-6026\t\t\t\t\t<\/p>\n\t\t\t\t\t\t\t<\/div>\n\t\t<\/div>\n\t\t\t\t<\/div>\n\t\t\t\t<\/div>\n\t\t\t\t<div class=\"elementor-element elementor-element-54aab3d elementor-widget elementor-widget-html\" data-id=\"54aab3d\" data-element_type=\"widget\" data-widget_type=\"html.default\">\n\t\t\t\t<div class=\"elementor-widget-container\">\n\t\t\t<style>\r\ntable {\r\n  font-family: Roboto !important;\r\n  color: white;\r\n  border-collapse: collapse;\r\n  width: 100%;\r\n  border: 0px;\r\n  \r\n}\r\n\r\ntd, th {\r\n  \r\n  text-align: left;\r\n  padding: 8px !important;\r\n  border:0px;\r\n}\r\n\r\ntr {\r\n   text-align: left;\r\n   border: 0px;\r\n}\r\n\r\n<\/style>\r\n\r\n<table>\r\n  <tr >\r\n    <th>\u00c1rea<\/th>\r\n    <th>Contacto<\/th>\r\n    <th>Anexo<\/th>\r\n  <\/tr>\r\n  <tr style=\"border:0px\">\r\n    <td>Pasaportes<\/td>\r\n    <td>www.conpernj.com<\/td>\r\n    <td>309 - 310 -304<\/td>\r\n  <\/tr>\r\n  <tr style=\"border:0px\">\r\n    <td>DNI<\/td>\r\n    <td>dni@conpernj.org<\/td>\r\n    <td>316 - 315<\/td>\r\n  <\/tr>\r\n  <tr style=\"border:0px\">\r\n    <td >Escrituras P\u00fablicas <\/td>\r\n    <td>poderes@conpernj.org<\/td>\r\n    <td>308 - 312<\/td>\r\n  <\/tr>\r\n  <tr style=\"border:0px\">\r\n    <td>Notariales<\/td>\r\n    <td>notariales@conpernj.org<\/td>\r\n    <td>313<\/td>\r\n  <\/tr>\r\n  <tr style=\"border:0px\">\r\n    <td>Registros Civiles<\/td>\r\n    <td>registrosciviles@conpernj.org<\/td>\r\n    <td>313 - 315 - 350<\/td>\r\n  <\/tr>\r\n  <tr style=\"border:0px\">\r\n    <td>Visas<\/td>\r\n    <td>visas@conpernj.org<\/td>\r\n    <td>309<\/td>\r\n  <\/tr>\r\n<\/table>\r\n\r\n\r\n\r\n\t\t<\/div>\n\t\t\t\t<\/div>\n\t\t\t\t\t<\/div>\n\t\t<\/div>\n\t\t\t\t\t\t\t<\/div>\n\t\t<\/section>\n\t\t\t\t\t\t\t<\/div>","protected":false},"excerpt":{"rendered":"<p>Consulado General del Per\u00fa en Paterson En esta secci\u00f3n puedes acceder a toda la informaci\u00f3n p\u00fablica de los servicios que ofrece el Consulado General del Per\u00fa en Paterson. TR\u00c1MITES CONSULARES DNI REGISTROS CIVILES TR\u00c1MITES NOTARIALES PREGUNTAS FRECUENTES (FAQ) Horario de atenci\u00f3n Lunes a Viernes de 8:30am a 1:30pm Direcci\u00f3n del consulado 100 Hamilton Plaza #1220,&#8230;<\/p>","protected":false},"author":1,"featured_media":0,"parent":0,"menu_order":0,"comment_status":"closed","ping_status":"closed","template":"full-width.php","meta":{"_joinchat":[]},"_links":{"self":[{"href":"https:\/\/pathere.org\/es\/wp-json\/wp\/v2\/pages\/20480"}],"collection":[{"href":"https:\/\/pathere.org\/es\/wp-json\/wp\/v2\/pages"}],"about":[{"href":"https:\/\/pathere.org\/es\/wp-json\/wp\/v2\/types\/page"}],"author":[{"embeddable":true,"href":"https:\/\/pathere.org\/es\/wp-json\/wp\/v2\/users\/1"}],"replies":[{"embeddable":true,"href":"https:\/\/pathere.org\/es\/wp-json\/wp\/v2\/comments?post=20480"}],"version-history":[{"count":49,"href":"https:\/\/pathere.org\/es\/wp-json\/wp\/v2\/pages\/20480\/revisions"}],"predecessor-version":[{"id":20822,"href":"https:\/\/pathere.org\/es\/wp-json\/wp\/v2\/pages\/20480\/revisions\/20822"}],"wp:attachment":[{"href":"https:\/\/pathere.org\/es\/wp-json\/wp\/v2\/media?parent=20480"}],"curies":[{"name":"wp","href":"https:\/\/api.w.org\/{rel}","templated":true}]}}