
{"id":19864,"date":"2022-11-03T14:53:13","date_gmt":"2022-11-03T14:53:13","guid":{"rendered":"https:\/\/pathere.org\/?page_id=19864"},"modified":"2022-11-12T07:48:48","modified_gmt":"2022-11-12T07:48:48","slug":"maria-maravi-hollenshead","status":"publish","type":"page","link":"https:\/\/pathere.org\/es\/about\/our-team\/maria-maravi-hollenshead\/","title":{"rendered":"Mar\u00eda Marav\u00ed-Hollenshead"},"content":{"rendered":"<div class=\"vc_row wpb_row vc_row-fluid edgtf-section vc_custom_1491569179737 edgtf-content-aligment-left edgtf-grid-section\" style=\"\"><div class=\"clearfix edgtf-section-inner\"><div class=\"edgtf-section-inner-margin clearfix\"><div class=\"wpb_column vc_column_container vc_col-sm-12 vc_col-lg-6 vc_col-md-6 vc_col-xs-12\"><div class=\"vc_column-inner\"><div class=\"wpb_wrapper\">\n\t<div  class=\"wpb_single_image wpb_content_element vc_align_left\">\n\t\t\n\t\t<figure class=\"wpb_wrapper vc_figure\">\n\t\t\t<div class=\"vc_single_image-wrapper   vc_box_border_grey\"><img width=\"600\" height=\"600\" src=\"https:\/\/pathere.org\/wp-content\/uploads\/2022\/11\/mem_maria_hollenshead.jpg\" class=\"vc_single_image-img attachment-full\" alt=\"\" loading=\"lazy\" title=\"mem_maria_hollenshead\" srcset=\"https:\/\/pathere.org\/wp-content\/uploads\/2022\/11\/mem_maria_hollenshead.jpg 600w, https:\/\/pathere.org\/wp-content\/uploads\/2022\/11\/mem_maria_hollenshead-300x300.jpg 300w, https:\/\/pathere.org\/wp-content\/uploads\/2022\/11\/mem_maria_hollenshead-150x150.jpg 150w, https:\/\/pathere.org\/wp-content\/uploads\/2022\/11\/mem_maria_hollenshead-12x12.jpg 12w, https:\/\/pathere.org\/wp-content\/uploads\/2022\/11\/mem_maria_hollenshead-550x550.jpg 550w, https:\/\/pathere.org\/wp-content\/uploads\/2022\/11\/mem_maria_hollenshead-100x100.jpg 100w\" sizes=\"(max-width: 600px) 100vw, 600px\" \/><\/div>\n\t\t<\/figure>\n\t<\/div>\n<div class=\"vc_empty_space\"   style=\"height: 35px\"><span class=\"vc_empty_space_inner\"><\/span><\/div><div class=\"vc_empty_space\"   style=\"height: 35px\"><span class=\"vc_empty_space_inner\"><\/span><\/div>\n<blockquote class=\"edgtf-blockquote-shortcode\" style=\"width: 80%\" >\n\t<span class=\"edgtf-blockquote-text\">\n\t\tHay que unirse, no para estar juntos, sino para hacer algo juntos.\t<\/span>\n<\/blockquote><div class=\"vc_empty_space\"   style=\"height: 35px\"><span class=\"vc_empty_space_inner\"><\/span><\/div><\/div><\/div><\/div><div class=\"wpb_column vc_column_container vc_col-sm-12 vc_col-lg-6 vc_col-md-6 vc_col-xs-12\"><div class=\"vc_column-inner\"><div class=\"wpb_wrapper\"><div class=\"edgtf-elements-holder edgtf-responsive-mode-768\" ><div class=\"edgtf-elements-holder-item\" data-item-class=\"edgtf-elements-holder-custom-251973\" data-1280-1600=\"2% 7% 2% 5%\" data-1024-1280=\"2% 7% 2% 5%\" data-768-1024=\"2% 0% 2% 3%\" data-600-768=\"5% 0% 1% 0%\" >\n\t\t<div class=\"edgtf-elements-holder-item-inner\">\n\t\t<div class=\"edgtf-elements-holder-item-content edgtf-elements-holder-custom-251973\" style=\"padding: 2% 7% 2% 5%\">\n\t\t\t\n\t<div class=\"wpb_text_column wpb_content_element\" >\n\t\t<div class=\"wpb_wrapper\">\n\t\t\t<h2>Mar\u00eda Marav\u00ed-Hollenshead<\/h2>\n<h4>Miembro fundadora de PATHere.org<\/h4>\n\n\t\t<\/div>\n\t<\/div>\n\n\t<div class=\"wpb_text_column wpb_content_element\" >\n\t\t<div class=\"wpb_wrapper\">\n\t\t\t<p>Vice-Presidente<\/p>\n\n\t\t<\/div>\n\t<\/div>\n<div class=\"edgtf-separator-holder clearfix  edgtf-separator-left\">\n\t<div class=\"edgtf-separator\" style=\"border-color: #e43f31;width: 40px;border-bottom-width: 3px\"><\/div>\n<\/div>\n<div class=\"vc_empty_space\"   style=\"height: 35px\"><span class=\"vc_empty_space_inner\"><\/span><\/div>\n\t<div class=\"wpb_text_column wpb_content_element\" >\n\t\t<div class=\"wpb_wrapper\">\n\t\t\t<p>Mar\u00eda Marav\u00ed-Hollenshead, soci\u00f3loga peruano-estadounidense de la Universidad Femenina del Sagrado Coraz\u00f3n (UNIFE), directora del Comit\u00e9 Social y Cultural de Peruano Americanos Juntos Aqu\u00ed (PATHere.org), con m\u00e1s de 39 a\u00f1os de experiencia en trabajo comunitario voluntario. Ha utilizado su experiencia multicultural para promover la comunidad Latinx a nivel local y regional. La dedicaci\u00f3n de MMH al servicio y compromiso c\u00edvico comenz\u00f3 en organizaciones como ACLAMO, el Banco de Alimentos y la Cruz Roja en el condado de Montgomery, Pensilvania. Paralelamente a su trabajo comunitario, emprendi\u00f3 iniciativas empresariales personales.<\/p>\n<p>Su fuerte compromiso con la comunidad latinx y en particular con la comunidad peruana de Filadelfia comenz\u00f3 mientras realizaba trabajo social profesional (SCOH) en el Departamento de Servicio Familiar del Consejo Hispano de Filadelfia. A lo largo de estas experiencias transformadoras, gan\u00f3 m\u00e1s conciencia sobre c\u00f3mo servir a la comunidad peruana y latina de manera m\u00e1s eficiente. Se asoci\u00f3 con la Asociaci\u00f3n Nacional Peruano Americana, Inc. (ANPA INC.) y ocup\u00f3 el cargo de Directora de Relaciones P\u00fablicas. Con el tiempo, la llev\u00f3 a su nombramiento como miembro del Consejo de Consulta del Consulado General del Per\u00fa en Paterson, Nueva Jersey. Mientras se desempe\u00f1aba como miembro del CCCP (Concejo de Consulta del Consulado Peruano), MMH coordin\u00f3 y ejecut\u00f3 la II Convenci\u00f3n Internacional de Miembros del Consejo Consultivo del Per\u00fa celebrada en Nueva Jersey. MMH contribuye con ANPA INC. en el proyecto \u201cPunto Focal\u201d para desarrollar esfuerzos coordinados con el Hispanic Council of Philadelphia y el Consulado General del Per\u00fa en Paterson New Jersey, para extender los servicios consulares a las \u00e1reas alejadas de la oficina consular . MMH tom\u00f3 la iniciativa de estar disponible administrando una l\u00ednea directa 24\/7 para la comunidad peruana en Pennsylvania y South Jersey. El \u201cPunto Focal\u201d tuvo un gran impacto por su excelente desempe\u00f1o en los tr\u00e1mites documentales consulares y por ello muchos peruanos se beneficiaron de este servicio.<\/p>\n<p>MMH, tambi\u00e9n contribuye organizando la sede y recepci\u00f3n anual de Latino Cancer Support Group, MORIVIVI, en la celebraci\u00f3n del D\u00eda de la Mujer, a la que asistieron aproximadamente 40 pacientes.<\/p>\n<p>A nivel internacional, MMH ha donado al Comit\u00e9 Agr\u00edcola de Mujeres Ku\u00f1a Rory de Caaguaz\u00fa, Paraguay. Su contribuci\u00f3n apoya a las peque\u00f1as empresas rurales dirigidas por mujeres en el avance de su negocio ya establecido \"Casa de Dulces\". MMH les ha ayudado a ganar la independencia para mantener a sus familias; su contribuci\u00f3n les ha permitido comprar vacas, proporcionar alimentos y nutrici\u00f3n y financiar iniciativas comunitarias.<\/p>\n<p>La pasi\u00f3n de MMH por el servicio comunitario durante la \u00faltima d\u00e9cada ha evolucionado hacia la promoci\u00f3n del rico patrimonio cultural del Per\u00fa. Ella sigue siendo una firme defensora de la comunidad peruano-estadounidense.<\/p>\n\n\t\t<\/div>\n\t<\/div>\n<div class=\"vc_empty_space\"   style=\"height: 35px\"><span class=\"vc_empty_space_inner\"><\/span><\/div><div class=\"vc_empty_space\"   style=\"height: 35px\"><span class=\"vc_empty_space_inner\"><\/span><\/div>\n\t<div class=\"wpb_text_column wpb_content_element\" >\n\t\t<div class=\"wpb_wrapper\">\n\t\t\t<h3>Contacto<\/h3>\n\n\t\t<\/div>\n\t<\/div>\n<div class=\"vc_empty_space\"   style=\"height: 35px\"><span class=\"vc_empty_space_inner\"><\/span><\/div>\t\t<\/div>\n\t<\/div>\n\t<\/div><\/div><div class=\"edgtf-elements-holder edgtf-four-columns edgtf-responsive-mode-never\" ><div class=\"edgtf-elements-holder-item edgtf-vertical-alignment-top\" data-item-class=\"edgtf-elements-holder-custom-319181\" data-1280-1600=\"0px 10px 0px 33px\" data-1024-1280=\"0px 10px 0px 33px\" data-768-1024=\"0px 6px 0px 14px\" >\n\t\t<div class=\"edgtf-elements-holder-item-inner\">\n\t\t<div class=\"edgtf-elements-holder-item-content edgtf-elements-holder-custom-319181\" style=\"padding: 0px 10px 0px 33px\">\n\t\t\t<div class=\"vc_empty_space\"   style=\"height: 12px\"><span class=\"vc_empty_space_inner\"><\/span><\/div>\n\t<div class=\"wpb_text_column wpb_content_element\" >\n\t\t<div class=\"wpb_wrapper\">\n\t\t\t<h5>Email:<\/h5>\n\n\t\t<\/div>\n\t<\/div>\n<div class=\"vc_empty_space\"   style=\"height: 50px\"><span class=\"vc_empty_space_inner\"><\/span><\/div>\t\t<\/div>\n\t<\/div>\n\t<\/div><div class=\"edgtf-elements-holder-item\" data-item-class=\"edgtf-elements-holder-custom-558287\" data-1280-1600=\"0px 0px 0px 0px\" data-1024-1280=\"0px 0px 0px 0px\" data-768-1024=\"2% 2% 2% 2%\" >\n\t\t<div class=\"edgtf-elements-holder-item-inner\">\n\t\t<div class=\"edgtf-elements-holder-item-content edgtf-elements-holder-custom-558287\" style=\"padding: 0px 0px 0px 0px\">\n\t\t\t\n\t<div class=\"wpb_text_column wpb_content_element\" >\n\t\t<div class=\"wpb_wrapper\">\n\t\t\t<p><span style=\"color: #888888;\">social.cultural@pathere.org<\/span><\/p>\n\n\t\t<\/div>\n\t<\/div>\n<div class=\"vc_empty_space\"   style=\"height: 40px\"><span class=\"vc_empty_space_inner\"><\/span><\/div>\t\t<\/div>\n\t<\/div>\n\t<\/div><div class=\"edgtf-elements-holder-item\" data-item-class=\"edgtf-elements-holder-custom-563491\" >\n\t\t<div class=\"edgtf-elements-holder-item-inner\">\n\t\t<div class=\"edgtf-elements-holder-item-content edgtf-elements-holder-custom-563491\" >\n\t\t\t<div class=\"vc_empty_space\"   style=\"height: 32px\"><span class=\"vc_empty_space_inner\"><\/span><\/div>\t\t<\/div>\n\t<\/div>\n\t<\/div><\/div><\/div><\/div><\/div><\/div><\/div><\/div><div class=\"vc_row wpb_row vc_row-fluid edgtf-section vc_custom_1492608315246 edgtf-content-aligment-left\" style=\"\"><div class=\"clearfix edgtf-full-section-inner\"><div class=\"wpb_column vc_column_container vc_col-sm-12\"><div class=\"vc_column-inner\"><div class=\"wpb_wrapper\"><div class=\"vc_row wpb_row vc_inner vc_row-fluid edgtf-section vc_custom_1491569190905 edgtf-content-aligment-left edgtf-grid-section\" style=\"\"><div class=\"edgtf-section-inner\"><div class=\"edgtf-section-inner-margin clearfix\"><div class=\"wpb_column vc_column_container vc_col-sm-12\"><div class=\"vc_column-inner\"><div class=\"wpb_wrapper\"><div class=\"edgtf-image-gallery\">\n\t<div class=\"edgtf-image-gallery-grid edgtf-gallery-columns-3\" >\n\t\t\t\t\t<div class=\"edgtf-gallery-image\">\n\t\t\t\t\t\t\t\t\t\t\t\t\t\t\t<img width=\"550\" height=\"330\" src=\"https:\/\/pathere.org\/wp-content\/uploads\/2022\/10\/equipo_trabaja.jpg\" class=\"attachment-full size-full\" alt=\"\" loading=\"lazy\" srcset=\"https:\/\/pathere.org\/wp-content\/uploads\/2022\/10\/equipo_trabaja.jpg 550w, https:\/\/pathere.org\/wp-content\/uploads\/2022\/10\/equipo_trabaja-300x180.jpg 300w\" sizes=\"(max-width: 550px) 100vw, 550px\" \/>\t\t\t\t\t\t\t\t\t\t\t\t\t<\/div>\n\t\t\t\t\t<div class=\"edgtf-gallery-image\">\n\t\t\t\t\t\t\t\t\t\t\t\t\t\t\t<img width=\"550\" height=\"330\" src=\"https:\/\/pathere.org\/wp-content\/uploads\/2022\/10\/bene_slide3.jpg\" class=\"attachment-full size-full\" alt=\"\" loading=\"lazy\" srcset=\"https:\/\/pathere.org\/wp-content\/uploads\/2022\/10\/bene_slide3.jpg 550w, https:\/\/pathere.org\/wp-content\/uploads\/2022\/10\/bene_slide3-300x180.jpg 300w\" sizes=\"(max-width: 550px) 100vw, 550px\" \/>\t\t\t\t\t\t\t\t\t\t\t\t\t<\/div>\n\t\t\t\t\t<div class=\"edgtf-gallery-image\">\n\t\t\t\t\t\t\t\t\t\t\t\t\t\t\t<img width=\"550\" height=\"330\" src=\"https:\/\/pathere.org\/wp-content\/uploads\/2022\/10\/bene_slide2.jpg\" class=\"attachment-full size-full\" alt=\"\" loading=\"lazy\" srcset=\"https:\/\/pathere.org\/wp-content\/uploads\/2022\/10\/bene_slide2.jpg 550w, https:\/\/pathere.org\/wp-content\/uploads\/2022\/10\/bene_slide2-300x180.jpg 300w\" sizes=\"(max-width: 550px) 100vw, 550px\" \/>\t\t\t\t\t\t\t\t\t\t\t\t\t<\/div>\n\t\t\t<\/div>\n<\/div><\/div><\/div><\/div><\/div><\/div><\/div><\/div><\/div><\/div><\/div><\/div>","protected":false},"excerpt":{"rendered":"Hay que unirse, no para estar juntos, sino para hacer algo juntos. Mar\u00eda Marav\u00ed-Hollenshead Founder member of PATHere.org Vice-President Mar\u00eda Marav\u00ed-Hollenshead, Peruvian-American sociologist from the Universidad Femenina del Sagrado Coraz\u00f3n (UNIFE), Social and Cultural Committee Director of Peruvian Americans Together Here (PATHere.org), with more than 39 years of volunteer community work experience. She has used...","protected":false},"author":1,"featured_media":0,"parent":13988,"menu_order":0,"comment_status":"closed","ping_status":"closed","template":"full-width.php","meta":{"_joinchat":[]},"_links":{"self":[{"href":"https:\/\/pathere.org\/es\/wp-json\/wp\/v2\/pages\/19864"}],"collection":[{"href":"https:\/\/pathere.org\/es\/wp-json\/wp\/v2\/pages"}],"about":[{"href":"https:\/\/pathere.org\/es\/wp-json\/wp\/v2\/types\/page"}],"author":[{"embeddable":true,"href":"https:\/\/pathere.org\/es\/wp-json\/wp\/v2\/users\/1"}],"replies":[{"embeddable":true,"href":"https:\/\/pathere.org\/es\/wp-json\/wp\/v2\/comments?post=19864"}],"version-history":[{"count":4,"href":"https:\/\/pathere.org\/es\/wp-json\/wp\/v2\/pages\/19864\/revisions"}],"predecessor-version":[{"id":19870,"href":"https:\/\/pathere.org\/es\/wp-json\/wp\/v2\/pages\/19864\/revisions\/19870"}],"up":[{"embeddable":true,"href":"https:\/\/pathere.org\/es\/wp-json\/wp\/v2\/pages\/13988"}],"wp:attachment":[{"href":"https:\/\/pathere.org\/es\/wp-json\/wp\/v2\/media?parent=19864"}],"curies":[{"name":"wp","href":"https:\/\/api.w.org\/{rel}","templated":true}]}}