
{"id":18587,"date":"2022-09-30T07:39:46","date_gmt":"2022-09-30T07:39:46","guid":{"rendered":"https:\/\/pathere.org\/?page_id=18587"},"modified":"2026-02-20T22:08:34","modified_gmt":"2026-02-20T22:08:34","slug":"donation_page","status":"publish","type":"page","link":"https:\/\/pathere.org\/es\/donation_page\/","title":{"rendered":"Donations Page"},"content":{"rendered":"<div data-elementor-type=\"wp-page\" data-elementor-id=\"18587\" class=\"elementor elementor-18587\">\n\t\t\t\t\t\t\t\t\t<section class=\"elementor-section elementor-top-section elementor-element elementor-element-840f5c7 elementor-section-boxed elementor-section-height-default elementor-section-height-default edgtf-elementor-container-no edgtf-section edgtf-parallax-section-holder-touch-disabled edgtf-parallax-section-no\" data-id=\"840f5c7\" data-element_type=\"section\">\n\t\t\t\t\t\t<div class=\"elementor-container elementor-column-gap-default\">\n\t\t\t\t\t<div class=\"elementor-column elementor-col-100 elementor-top-column elementor-element elementor-element-3780df3\" data-id=\"3780df3\" data-element_type=\"column\">\n\t\t\t<div class=\"elementor-widget-wrap elementor-element-populated\">\n\t\t\t\t\t\t\t\t<div class=\"elementor-element elementor-element-16b32dd elementor-widget elementor-widget-heading\" data-id=\"16b32dd\" data-element_type=\"widget\" data-widget_type=\"heading.default\">\n\t\t\t\t<div class=\"elementor-widget-container\">\n\t\t\t<style>\/*! elementor - v3.7.0 - 08-08-2022 *\/\n.elementor-heading-title{padding:0;margin:0;line-height:1}.elementor-widget-heading .elementor-heading-title[class*=elementor-size-]>a{color:inherit;font-size:inherit;line-height:inherit}.elementor-widget-heading .elementor-heading-title.elementor-size-small{font-size:15px}.elementor-widget-heading .elementor-heading-title.elementor-size-medium{font-size:19px}.elementor-widget-heading .elementor-heading-title.elementor-size-large{font-size:29px}.elementor-widget-heading .elementor-heading-title.elementor-size-xl{font-size:39px}.elementor-widget-heading .elementor-heading-title.elementor-size-xxl{font-size:59px}<\/style><h2 class=\"elementor-heading-title elementor-size-default\">Donaciones<\/h2>\t\t<\/div>\n\t\t\t\t<\/div>\n\t\t\t\t<div class=\"elementor-element elementor-element-a1f4826 elementor-widget elementor-widget-text-editor\" data-id=\"a1f4826\" data-element_type=\"widget\" data-widget_type=\"text-editor.default\">\n\t\t\t\t<div class=\"elementor-widget-container\">\n\t\t\t<style>\/*! elementor - v3.7.0 - 08-08-2022 *\/\n.elementor-widget-text-editor.elementor-drop-cap-view-stacked .elementor-drop-cap{background-color:#818a91;color:#fff}.elementor-widget-text-editor.elementor-drop-cap-view-framed .elementor-drop-cap{color:#818a91;border:3px solid;background-color:transparent}.elementor-widget-text-editor:not(.elementor-drop-cap-view-default) .elementor-drop-cap{margin-top:8px}.elementor-widget-text-editor:not(.elementor-drop-cap-view-default) .elementor-drop-cap-letter{width:1em;height:1em}.elementor-widget-text-editor .elementor-drop-cap{float:left;text-align:center;line-height:1;font-size:50px}.elementor-widget-text-editor .elementor-drop-cap-letter{display:inline-block}<\/style>\t\t\t\t<p style=\"text-align: center;\">As a volunteer organization, PATHere.org relies on individual and corporate contributions to develop its educational, cultural, and social advocacy programs and resources. Through our programs, we seek\u00a0<span style=\"background-color: #ffffff;\">also\u00a0<\/span>to promote Peru\u2019s culture and heritage. We cannot do this work alone. Please join us; together let us make a difference.<\/p>\t\t\t\t\t\t<\/div>\n\t\t\t\t<\/div>\n\t\t\t\t<div class=\"elementor-element elementor-element-773ef73 elementor-widget elementor-widget-qi_addons_for_elementor_separator\" data-id=\"773ef73\" data-element_type=\"widget\" data-widget_type=\"qi_addons_for_elementor_separator.default\">\n\t\t\t\t<div class=\"elementor-widget-container\">\n\t\t\t<div class=\"qodef-shortcode qodef-m  qodef-qi-separator qodef-qi-clear qodef-separator--standard qodef-position--center\">\n\t<div class=\"qodef-m-line\"><\/div>\n<\/div>\n\t\t<\/div>\n\t\t\t\t<\/div>\n\t\t\t\t\t<\/div>\n\t\t<\/div>\n\t\t\t\t\t\t\t<\/div>\n\t\t<\/section>\n\t\t\t\t<section class=\"elementor-section elementor-top-section elementor-element elementor-element-84b8de5 elementor-section-full_width elementor-section-stretched elementor-section-height-default elementor-section-height-default edgtf-elementor-container-no edgtf-section edgtf-parallax-section-holder-touch-disabled edgtf-parallax-section-no\" data-id=\"84b8de5\" data-element_type=\"section\" data-settings=\"{&quot;stretch_section&quot;:&quot;section-stretched&quot;,&quot;background_background&quot;:&quot;classic&quot;}\">\n\t\t\t\t\t\t<div class=\"elementor-container elementor-column-gap-default\">\n\t\t\t\t\t<div class=\"elementor-column elementor-col-100 elementor-top-column elementor-element elementor-element-2ef0356\" data-id=\"2ef0356\" data-element_type=\"column\">\n\t\t\t<div class=\"elementor-widget-wrap elementor-element-populated\">\n\t\t\t\t\t\t\t\t<section class=\"elementor-section elementor-inner-section elementor-element elementor-element-420f0a0 elementor-section-boxed elementor-section-height-default elementor-section-height-default edgtf-elementor-container-no edgtf-section edgtf-parallax-section-holder-touch-disabled edgtf-parallax-section-no\" data-id=\"420f0a0\" data-element_type=\"section\">\n\t\t\t\t\t\t<div class=\"elementor-container elementor-column-gap-default\">\n\t\t\t\t\t<div class=\"elementor-column elementor-col-50 elementor-inner-column elementor-element elementor-element-8a35841\" data-id=\"8a35841\" data-element_type=\"column\">\n\t\t\t<div class=\"elementor-widget-wrap elementor-element-populated\">\n\t\t\t\t\t\t\t\t<div class=\"elementor-element elementor-element-967cf3e elementor-widget elementor-widget-text-editor\" data-id=\"967cf3e\" data-element_type=\"widget\" data-widget_type=\"text-editor.default\">\n\t\t\t\t<div class=\"elementor-widget-container\">\n\t\t\t\t\t\t\t<p>Le agradecemos su apoyo a nuestra misi\u00f3n y actividades. Su donaci\u00f3n, grande o peque\u00f1a, nos ayudar\u00e1 a lograr nuestros objetivos.<\/p><p>You may make your contribution online using the Venmo application to @Peruvians1, or Zelle\u00a0 application to teresa.rauscher@pathere.org<\/p><p>Please fill out the PATHere.org Donation Form.<\/p>\t\t\t\t\t\t<\/div>\n\t\t\t\t<\/div>\n\t\t\t\t<div class=\"elementor-element elementor-element-44aea06 elementor-widget elementor-widget-edgtf_button\" data-id=\"44aea06\" data-element_type=\"widget\" data-widget_type=\"edgtf_button.default\">\n\t\t\t\t<div class=\"elementor-widget-container\">\n\t\t\t<a itemprop=\"url\" href=\"https:\/\/pathere.org\/es\/donation-form\/\" target=\"_self\" style=\"background-color: #EB6438;border-color: #EB6438\" class=\"edgtf-btn edgtf-btn-medium edgtf-btn-solid edgtf-btn-icon\"  0=\"background-color: #EB6438\" 1=\"border-color: #EB6438\">\n\t<span class=\"edgtf-btn-text\">Formulario de donaci\u00f3n<\/span>\n    <\/a>\t\t<\/div>\n\t\t\t\t<\/div>\n\t\t\t\t\t<\/div>\n\t\t<\/div>\n\t\t\t\t<div class=\"elementor-column elementor-col-50 elementor-inner-column elementor-element elementor-element-53135f0\" data-id=\"53135f0\" data-element_type=\"column\">\n\t\t\t<div class=\"elementor-widget-wrap\">\n\t\t\t\t\t\t\t\t\t<\/div>\n\t\t<\/div>\n\t\t\t\t\t\t\t<\/div>\n\t\t<\/section>\n\t\t\t\t\t<\/div>\n\t\t<\/div>\n\t\t\t\t\t\t\t<\/div>\n\t\t<\/section>\n\t\t\t\t\t\t\t<\/div>","protected":false},"excerpt":{"rendered":"<p>Donations As a volunteer organization, PATHere.org relies on individual and corporate contributions to develop its educational, cultural, and social advocacy programs and resources. Through our programs, we seek\u00a0also\u00a0to promote Peru\u2019s culture and heritage. We cannot do this work alone. Please join us; together let us make a difference. We thank you for your support of&#8230;<\/p>","protected":false},"author":1,"featured_media":0,"parent":0,"menu_order":0,"comment_status":"closed","ping_status":"closed","template":"full-width.php","meta":{"_joinchat":[]},"_links":{"self":[{"href":"https:\/\/pathere.org\/es\/wp-json\/wp\/v2\/pages\/18587"}],"collection":[{"href":"https:\/\/pathere.org\/es\/wp-json\/wp\/v2\/pages"}],"about":[{"href":"https:\/\/pathere.org\/es\/wp-json\/wp\/v2\/types\/page"}],"author":[{"embeddable":true,"href":"https:\/\/pathere.org\/es\/wp-json\/wp\/v2\/users\/1"}],"replies":[{"embeddable":true,"href":"https:\/\/pathere.org\/es\/wp-json\/wp\/v2\/comments?post=18587"}],"version-history":[{"count":122,"href":"https:\/\/pathere.org\/es\/wp-json\/wp\/v2\/pages\/18587\/revisions"}],"predecessor-version":[{"id":21185,"href":"https:\/\/pathere.org\/es\/wp-json\/wp\/v2\/pages\/18587\/revisions\/21185"}],"wp:attachment":[{"href":"https:\/\/pathere.org\/es\/wp-json\/wp\/v2\/media?parent=18587"}],"curies":[{"name":"wp","href":"https:\/\/api.w.org\/{rel}","templated":true}]}}