
{"id":18545,"date":"2022-09-27T22:58:15","date_gmt":"2022-09-27T22:58:15","guid":{"rendered":"https:\/\/pathere.org\/?page_id=18545"},"modified":"2026-02-20T21:56:23","modified_gmt":"2026-02-20T21:56:23","slug":"membership","status":"publish","type":"page","link":"https:\/\/pathere.org\/es\/membership\/","title":{"rendered":"Membres\u00eda"},"content":{"rendered":"<div data-elementor-type=\"wp-page\" data-elementor-id=\"18545\" class=\"elementor elementor-18545\">\n\t\t\t\t\t\t\t\t\t<section class=\"elementor-section elementor-top-section elementor-element elementor-element-e5d1eaf elementor-section-boxed elementor-section-height-default elementor-section-height-default edgtf-elementor-container-no edgtf-section edgtf-parallax-section-holder-touch-disabled edgtf-parallax-section-no\" data-id=\"e5d1eaf\" data-element_type=\"section\">\n\t\t\t\t\t\t<div class=\"elementor-container elementor-column-gap-default\">\n\t\t\t\t\t<div class=\"elementor-column elementor-col-100 elementor-top-column elementor-element elementor-element-ecc418a\" data-id=\"ecc418a\" data-element_type=\"column\">\n\t\t\t<div class=\"elementor-widget-wrap elementor-element-populated\">\n\t\t\t\t\t\t\t\t<div class=\"elementor-element elementor-element-45a0dfb elementor-widget elementor-widget-heading\" data-id=\"45a0dfb\" data-element_type=\"widget\" data-widget_type=\"heading.default\">\n\t\t\t\t<div class=\"elementor-widget-container\">\n\t\t\t<style>\/*! elementor - v3.7.0 - 08-08-2022 *\/\n.elementor-heading-title{padding:0;margin:0;line-height:1}.elementor-widget-heading .elementor-heading-title[class*=elementor-size-]>a{color:inherit;font-size:inherit;line-height:inherit}.elementor-widget-heading .elementor-heading-title.elementor-size-small{font-size:15px}.elementor-widget-heading .elementor-heading-title.elementor-size-medium{font-size:19px}.elementor-widget-heading .elementor-heading-title.elementor-size-large{font-size:29px}.elementor-widget-heading .elementor-heading-title.elementor-size-xl{font-size:39px}.elementor-widget-heading .elementor-heading-title.elementor-size-xxl{font-size:59px}<\/style><h2 class=\"elementor-heading-title elementor-size-default\">Membres\u00eda<\/h2>\t\t<\/div>\n\t\t\t\t<\/div>\n\t\t\t\t<div class=\"elementor-element elementor-element-c1f921b elementor-widget elementor-widget-qi_addons_for_elementor_separator\" data-id=\"c1f921b\" data-element_type=\"widget\" data-widget_type=\"qi_addons_for_elementor_separator.default\">\n\t\t\t\t<div class=\"elementor-widget-container\">\n\t\t\t<div class=\"qodef-shortcode qodef-m  qodef-qi-separator qodef-qi-clear qodef-separator--standard\">\n\t<div class=\"qodef-m-line\"><\/div>\n<\/div>\n\t\t<\/div>\n\t\t\t\t<\/div>\n\t\t\t\t\t<\/div>\n\t\t<\/div>\n\t\t\t\t\t\t\t<\/div>\n\t\t<\/section>\n\t\t\t\t<section class=\"elementor-section elementor-top-section elementor-element elementor-element-788430c elementor-section-boxed elementor-section-height-default elementor-section-height-default edgtf-elementor-container-no edgtf-section edgtf-parallax-section-holder-touch-disabled edgtf-parallax-section-no\" data-id=\"788430c\" data-element_type=\"section\">\n\t\t\t\t\t\t<div class=\"elementor-container elementor-column-gap-default\">\n\t\t\t\t\t<div class=\"elementor-column elementor-col-100 elementor-top-column elementor-element elementor-element-41376fa\" data-id=\"41376fa\" data-element_type=\"column\">\n\t\t\t<div class=\"elementor-widget-wrap elementor-element-populated\">\n\t\t\t\t\t\t\t\t<div class=\"elementor-element elementor-element-bd05e9e elementor-widget elementor-widget-text-editor\" data-id=\"bd05e9e\" data-element_type=\"widget\" data-widget_type=\"text-editor.default\">\n\t\t\t\t<div class=\"elementor-widget-container\">\n\t\t\t<style>\/*! elementor - v3.7.0 - 08-08-2022 *\/\n.elementor-widget-text-editor.elementor-drop-cap-view-stacked .elementor-drop-cap{background-color:#818a91;color:#fff}.elementor-widget-text-editor.elementor-drop-cap-view-framed .elementor-drop-cap{color:#818a91;border:3px solid;background-color:transparent}.elementor-widget-text-editor:not(.elementor-drop-cap-view-default) .elementor-drop-cap{margin-top:8px}.elementor-widget-text-editor:not(.elementor-drop-cap-view-default) .elementor-drop-cap-letter{width:1em;height:1em}.elementor-widget-text-editor .elementor-drop-cap{float:left;text-align:center;line-height:1;font-size:50px}.elementor-widget-text-editor .elementor-drop-cap-letter{display:inline-block}<\/style>\t\t\t\t<p>La membres\u00eda en PATHere.org est\u00e1 disponible para cualquier persona que se comprometa a respetar, apoyar y promover la misi\u00f3n y los objetivos de la organizaci\u00f3n. La membres\u00eda est\u00e1 abierta a todas las personas independientemente de su edad, g\u00e9nero, orientaci\u00f3n sexual, color, raza, grupo \u00e9tnico, origen nacional, afiliaci\u00f3n pol\u00edtica, religi\u00f3n o discapacidad.<\/p>\t\t\t\t\t\t<\/div>\n\t\t\t\t<\/div>\n\t\t\t\t\t<\/div>\n\t\t<\/div>\n\t\t\t\t\t\t\t<\/div>\n\t\t<\/section>\n\t\t\t\t<section class=\"elementor-section elementor-top-section elementor-element elementor-element-1ee5097 elementor-section-boxed elementor-section-height-default elementor-section-height-default edgtf-elementor-container-no edgtf-section edgtf-parallax-section-holder-touch-disabled edgtf-parallax-section-no\" data-id=\"1ee5097\" data-element_type=\"section\">\n\t\t\t\t\t\t<div class=\"elementor-container elementor-column-gap-default\">\n\t\t\t\t\t<div class=\"elementor-column elementor-col-50 elementor-top-column elementor-element elementor-element-816c810 elementor-invisible\" data-id=\"816c810\" data-element_type=\"column\" data-settings=\"{&quot;background_background&quot;:&quot;classic&quot;,&quot;animation&quot;:&quot;fadeInUp&quot;}\">\n\t\t\t<div class=\"elementor-widget-wrap elementor-element-populated\">\n\t\t\t\t\t\t\t\t<div class=\"elementor-element elementor-element-8aeacfc elementor-invisible elementor-widget elementor-widget-text-editor\" data-id=\"8aeacfc\" data-element_type=\"widget\" data-settings=\"{&quot;_animation&quot;:&quot;fadeInUp&quot;}\" data-widget_type=\"text-editor.default\">\n\t\t\t\t<div class=\"elementor-widget-container\">\n\t\t\t\t\t\t\t<h3>Beneficios de los miembros de PATHere.org<\/h3>\nLos miembros tienen derecho a:\t\t\t\t\t\t<\/div>\n\t\t\t\t<\/div>\n\t\t\t\t<div class=\"elementor-element elementor-element-97c7843 elementor-widget elementor-widget-edgtf_list_ordered\" data-id=\"97c7843\" data-element_type=\"widget\" data-widget_type=\"edgtf_list_ordered.default\">\n\t\t\t\t<div class=\"elementor-widget-container\">\n\t\t\t<div class= \"edgtf-ordered-list\" ><ol>\n \t<li>Ser un candidato para una posici\u00f3n de liderazgo en la organizaci\u00f3n.<\/li>\n \t<li>Voto de los derechos a elegir a los miembros de la junta de directores.<\/li>\n \t<li>Colocar un anuncio de servicios profesionales en el formato y en el espacio designado en el sitio web de la organizaci\u00f3n.<\/li>\n \t<li>Lugar de una empresa de publicidad de servicios en el formato y en el espacio designado en el sitio web de la organizaci\u00f3n.<\/li>\n \t<li>Obtener descuentos por los servicios y\/o eventos organizados por PATHere.org y \/o descuentos ofrecidos por los miembros en sus servicios profesionales.<\/li>\n \t<li>Recibir una carta anual de la identificaci\u00f3n de los deducibles de impuestos, cantidad que se ha aportado a la organizaci\u00f3n.<\/li>\n \t<li>Otros beneficios establecidos por el consejo de administraci\u00f3n.<\/li>\n<\/ol><\/div>\t\t<\/div>\n\t\t\t\t<\/div>\n\t\t\t\t<div class=\"elementor-element elementor-element-6ace00b elementor-widget elementor-widget-html\" data-id=\"6ace00b\" data-element_type=\"widget\" data-widget_type=\"html.default\">\n\t\t\t\t<div class=\"elementor-widget-container\">\n\t\t\t<style>\r\nol li::before {\r\ncolor: ;\r\nleft: -20px;\r\nposition: absolute;\r\ntext-align: right;\r\n\r\n} \r\n\r\n\r\n<\/style>\t\t<\/div>\n\t\t\t\t<\/div>\n\t\t\t\t\t<\/div>\n\t\t<\/div>\n\t\t\t\t<div class=\"elementor-column elementor-col-50 elementor-top-column elementor-element elementor-element-9aa07ad elementor-invisible\" data-id=\"9aa07ad\" data-element_type=\"column\" data-settings=\"{&quot;background_background&quot;:&quot;classic&quot;,&quot;animation&quot;:&quot;fadeInUp&quot;}\">\n\t\t\t<div class=\"elementor-widget-wrap elementor-element-populated\">\n\t\t\t\t\t\t\t\t<div class=\"elementor-element elementor-element-22f43cc elementor-widget elementor-widget-text-editor\" data-id=\"22f43cc\" data-element_type=\"widget\" data-widget_type=\"text-editor.default\">\n\t\t\t\t<div class=\"elementor-widget-container\">\n\t\t\t\t\t\t\t<h3>Responsabilidades de los miembros de PATHere.org<\/h3>\n<br>Los miembros ser\u00e1n responsables de:\t\t\t\t\t\t<\/div>\n\t\t\t\t<\/div>\n\t\t\t\t<div class=\"elementor-element elementor-element-5008b43 elementor-widget elementor-widget-edgtf_list_ordered\" data-id=\"5008b43\" data-element_type=\"widget\" data-widget_type=\"edgtf_list_ordered.default\">\n\t\t\t\t<div class=\"elementor-widget-container\">\n\t\t\t<div class= \"edgtf-ordered-list\" ><ol><li>Apoyar y promover la misi\u00f3n y los objetivos de la organizaci\u00f3n.<\/li><li>Participar en las actividades y reuniones de la organizaci\u00f3n.<\/li><li>Pagar la cuota anual de afiliaci\u00f3n.<\/li><li>Respetar las reglas de buena conducta al participar en virtuales y reuniones presenciales.<\/li><li>El uso de una forma respetuosa a los servicios, actividades, etc. de la organizaci\u00f3n, tales como la p\u00e1gina Web, Instagram y Facebook de la p\u00e1gina, disponible para el servicio y beneficio del grupo y de la comunidad en general.<\/li><li>Cumplir con las dem\u00e1s normas establecidas por la directiva y aprobado por los miembros de la junta de directores.<\/li><\/ol><\/div>\t\t<\/div>\n\t\t\t\t<\/div>\n\t\t\t\t\t<\/div>\n\t\t<\/div>\n\t\t\t\t\t\t\t<\/div>\n\t\t<\/section>\n\t\t\t\t<section class=\"elementor-section elementor-top-section elementor-element elementor-element-90dbad5 elementor-section-boxed elementor-section-height-default elementor-section-height-default edgtf-elementor-container-no edgtf-section edgtf-parallax-section-holder-touch-disabled edgtf-parallax-section-no\" data-id=\"90dbad5\" data-element_type=\"section\">\n\t\t\t\t\t\t<div class=\"elementor-container elementor-column-gap-default\">\n\t\t\t\t\t<div class=\"elementor-column elementor-col-100 elementor-top-column elementor-element elementor-element-936c472\" data-id=\"936c472\" data-element_type=\"column\">\n\t\t\t<div class=\"elementor-widget-wrap elementor-element-populated\">\n\t\t\t\t\t\t\t\t<div class=\"elementor-element elementor-element-5376df1 elementor-widget elementor-widget-text-editor\" data-id=\"5376df1\" data-element_type=\"widget\" data-widget_type=\"text-editor.default\">\n\t\t\t\t<div class=\"elementor-widget-container\">\n\t\t\t\t\t\t\t<h3 class=\"elementor-heading-title elementor-size-default\">Cuotas de membres\u00eda<\/h3>\t\t\t\t\t\t<\/div>\n\t\t\t\t<\/div>\n\t\t\t\t<div class=\"elementor-element elementor-element-55f6eda animated-slow elementor-invisible elementor-widget elementor-widget-edgtf_pricing_tables\" data-id=\"55f6eda\" data-element_type=\"widget\" data-settings=\"{&quot;_animation&quot;:&quot;slideInUp&quot;}\" data-widget_type=\"edgtf_pricing_tables.default\">\n\t\t\t\t<div class=\"elementor-widget-container\">\n\t\t\t\n\t\t<div class=\"edgtf-pricing-tables clearfix edgtf-four-columns\">\n\n\t\t\t<div class=\"edgtf-price-table edgtf-active\">\n\t<div class=\"edgtf-price-table-inner\">\n\t\t<ul>\n\t\t\t<li class=\"edgtf-table-title\">\n\t\t\t\t<h3 class=\"edgtf-title-content\">Individual<\/h3>\n\t\t\t\t\t\t\t\t\t<div class=\"edgtf-active-text\">\n\t\t\t\t\t\t<span class=\"edgtf-active-text-inner\">\n\t\t\t\t\t\t\t\t\t\t\t\t\t<\/span>\n\t\t\t\t\t<\/div>\n\t\t\t\t\t\t\t<\/li>\n\t\t\t<li class=\"edgtf-table-prices\">\n\t\t\t\t<div class=\"edgtf-price-in-table\">\n\t\t\t\t\t<span class=\"edgtf-price-holder\">\n\t\t\t\t\t\t<sup class=\"edgtf-value\">$<\/sup>\n\t\t\t\t\t\t<span class=\"edgtf-price\">30<\/span>\n\t\t\t\t\t<\/span>\n\t\t\t\t\t<span class=\"edgtf-mark\"><\/span>\n\t\t\t\t<\/div>\t\n\t\t\t<\/li>\n\t\t\t<li class=\"edgtf-table-content\">\n\t\t\t\t<p>Cuota Anual<\/p>\t\t\t<\/li>\n\t\t\t\t\t\t\t<li class=\"edgtf-price-button\">\n\t\t\t\t\t<a itemprop=\"url\" href=\"https:\/\/pathere.org\/es\/membership-form\/\" target=\"_self\"  class=\"edgtf-btn edgtf-btn-medium edgtf-btn-solid\"  >\t<span class=\"edgtf-btn-text\">Reg\u00edstrate aqu\u00ed<\/span>    <\/a>\t\t\t\t<\/li>\t\t\t\t\n\t\t\t\t\t<\/ul>\n\t<\/div>\n<\/div><div class=\"edgtf-price-table edgtf-active\">\n\t<div class=\"edgtf-price-table-inner\">\n\t\t<ul>\n\t\t\t<li class=\"edgtf-table-title\">\n\t\t\t\t<h3 class=\"edgtf-title-content\">Pareja<\/h3>\n\t\t\t\t\t\t\t\t\t<div class=\"edgtf-active-text\">\n\t\t\t\t\t\t<span class=\"edgtf-active-text-inner\">\n\t\t\t\t\t\t\t\t\t\t\t\t\t<\/span>\n\t\t\t\t\t<\/div>\n\t\t\t\t\t\t\t<\/li>\n\t\t\t<li class=\"edgtf-table-prices\">\n\t\t\t\t<div class=\"edgtf-price-in-table\">\n\t\t\t\t\t<span class=\"edgtf-price-holder\">\n\t\t\t\t\t\t<sup class=\"edgtf-value\">$<\/sup>\n\t\t\t\t\t\t<span class=\"edgtf-price\">50<\/span>\n\t\t\t\t\t<\/span>\n\t\t\t\t\t<span class=\"edgtf-mark\"><\/span>\n\t\t\t\t<\/div>\t\n\t\t\t<\/li>\n\t\t\t<li class=\"edgtf-table-content\">\n\t\t\t\t<p>Cuota Anual<\/p>\t\t\t<\/li>\n\t\t\t\t\t\t\t<li class=\"edgtf-price-button\">\n\t\t\t\t\t<a itemprop=\"url\" href=\"https:\/\/pathere.org\/es\/membership-form\/\" target=\"_self\"  class=\"edgtf-btn edgtf-btn-medium edgtf-btn-solid\"  >\t<span class=\"edgtf-btn-text\">Reg\u00edstrate aqu\u00ed<\/span>    <\/a>\t\t\t\t<\/li>\t\t\t\t\n\t\t\t\t\t<\/ul>\n\t<\/div>\n<\/div><div class=\"edgtf-price-table edgtf-active\">\n\t<div class=\"edgtf-price-table-inner\">\n\t\t<ul>\n\t\t\t<li class=\"edgtf-table-title\">\n\t\t\t\t<h3 class=\"edgtf-title-content\">Familiar *<\/h3>\n\t\t\t\t\t\t\t\t\t<div class=\"edgtf-active-text\">\n\t\t\t\t\t\t<span class=\"edgtf-active-text-inner\">\n\t\t\t\t\t\t\t\t\t\t\t\t\t<\/span>\n\t\t\t\t\t<\/div>\n\t\t\t\t\t\t\t<\/li>\n\t\t\t<li class=\"edgtf-table-prices\">\n\t\t\t\t<div class=\"edgtf-price-in-table\">\n\t\t\t\t\t<span class=\"edgtf-price-holder\">\n\t\t\t\t\t\t<sup class=\"edgtf-value\">$<\/sup>\n\t\t\t\t\t\t<span class=\"edgtf-price\">60<\/span>\n\t\t\t\t\t<\/span>\n\t\t\t\t\t<span class=\"edgtf-mark\"><\/span>\n\t\t\t\t<\/div>\t\n\t\t\t<\/li>\n\t\t\t<li class=\"edgtf-table-content\">\n\t\t\t\tCuota Anual\n\n\t\t\t<\/li>\n\t\t\t\t\t\t\t<li class=\"edgtf-price-button\">\n\t\t\t\t\t<a itemprop=\"url\" href=\"https:\/\/pathere.org\/es\/membership-form\/\" target=\"_self\"  class=\"edgtf-btn edgtf-btn-medium edgtf-btn-solid\"  >\t<span class=\"edgtf-btn-text\">Reg\u00edstrate aqu\u00ed<\/span>    <\/a>\t\t\t\t<\/li>\t\t\t\t\n\t\t\t\t\t<\/ul>\n\t<\/div>\n<\/div><div class=\"edgtf-price-table edgtf-active\">\n\t<div class=\"edgtf-price-table-inner\">\n\t\t<ul>\n\t\t\t<li class=\"edgtf-table-title\">\n\t\t\t\t<h3 class=\"edgtf-title-content\">Estudiante<\/h3>\n\t\t\t\t\t\t\t\t\t<div class=\"edgtf-active-text\">\n\t\t\t\t\t\t<span class=\"edgtf-active-text-inner\">\n\t\t\t\t\t\t\t\t\t\t\t\t\t<\/span>\n\t\t\t\t\t<\/div>\n\t\t\t\t\t\t\t<\/li>\n\t\t\t<li class=\"edgtf-table-prices\">\n\t\t\t\t<div class=\"edgtf-price-in-table\">\n\t\t\t\t\t<span class=\"edgtf-price-holder\">\n\t\t\t\t\t\t<sup class=\"edgtf-value\">$<\/sup>\n\t\t\t\t\t\t<span class=\"edgtf-price\">10<\/span>\n\t\t\t\t\t<\/span>\n\t\t\t\t\t<span class=\"edgtf-mark\"><\/span>\n\t\t\t\t<\/div>\t\n\t\t\t<\/li>\n\t\t\t<li class=\"edgtf-table-content\">\n\t\t\t\tCuota Anual\n\n\t\t\t<\/li>\n\t\t\t\t\t\t\t<li class=\"edgtf-price-button\">\n\t\t\t\t\t<a itemprop=\"url\" href=\"https:\/\/pathere.org\/es\/membership-form\/\" target=\"_self\"  class=\"edgtf-btn edgtf-btn-medium edgtf-btn-solid\"  >\t<span class=\"edgtf-btn-text\">Reg\u00edstrate aqu\u00ed<\/span>    <\/a>\t\t\t\t<\/li>\t\t\t\t\n\t\t\t\t\t<\/ul>\n\t<\/div>\n<\/div>\t\t<\/div>\n\n\t\t\t\t<\/div>\n\t\t\t\t<\/div>\n\t\t\t\t<div class=\"elementor-element elementor-element-9e8d529 animated-slow elementor-invisible elementor-widget elementor-widget-edgtf_pricing_tables\" data-id=\"9e8d529\" data-element_type=\"widget\" data-settings=\"{&quot;_animation&quot;:&quot;slideInUp&quot;}\" data-widget_type=\"edgtf_pricing_tables.default\">\n\t\t\t\t<div class=\"elementor-widget-container\">\n\t\t\t\n\t\t<div class=\"edgtf-pricing-tables clearfix edgtf-four-columns\">\n\n\t\t\t<div class=\"edgtf-price-table edgtf-active\">\n\t<div class=\"edgtf-price-table-inner\">\n\t\t<ul>\n\t\t\t<li class=\"edgtf-table-title\">\n\t\t\t\t<h3 class=\"edgtf-title-content\">Negocios (lucro y sin fines de lucro)<\/h3>\n\t\t\t\t\t\t\t\t\t<div class=\"edgtf-active-text\">\n\t\t\t\t\t\t<span class=\"edgtf-active-text-inner\">\n\t\t\t\t\t\t\t\t\t\t\t\t\t<\/span>\n\t\t\t\t\t<\/div>\n\t\t\t\t\t\t\t<\/li>\n\t\t\t<li class=\"edgtf-table-prices\">\n\t\t\t\t<div class=\"edgtf-price-in-table\">\n\t\t\t\t\t<span class=\"edgtf-price-holder\">\n\t\t\t\t\t\t<sup class=\"edgtf-value\">$<\/sup>\n\t\t\t\t\t\t<span class=\"edgtf-price\">100<\/span>\n\t\t\t\t\t<\/span>\n\t\t\t\t\t<span class=\"edgtf-mark\"><\/span>\n\t\t\t\t<\/div>\t\n\t\t\t<\/li>\n\t\t\t<li class=\"edgtf-table-content\">\n\t\t\t\t<p>Cuota Anual<\/p>\t\t\t<\/li>\n\t\t\t\t\t\t\t<li class=\"edgtf-price-button\">\n\t\t\t\t\t<a itemprop=\"url\" href=\"https:\/\/pathere.org\/es\/membership-form\/\" target=\"_self\"  class=\"edgtf-btn edgtf-btn-medium edgtf-btn-solid\"  >\t<span class=\"edgtf-btn-text\">Reg\u00edstrate aqu\u00ed<\/span>    <\/a>\t\t\t\t<\/li>\t\t\t\t\n\t\t\t\t\t<\/ul>\n\t<\/div>\n<\/div>\t\t<\/div>\n\n\t\t\t\t<\/div>\n\t\t\t\t<\/div>\n\t\t\t\t<div class=\"elementor-element elementor-element-244755b elementor-widget elementor-widget-text-editor\" data-id=\"244755b\" data-element_type=\"widget\" data-widget_type=\"text-editor.default\">\n\t\t\t\t<div class=\"elementor-widget-container\">\n\t\t\t\t\t\t\t<p style=\"font-size: 14px;\">* Incluidos los ni\u00f1os menores de 18 a\u00f1os de edad<\/p>\t\t\t\t\t\t<\/div>\n\t\t\t\t<\/div>\n\t\t\t\t\t<\/div>\n\t\t<\/div>\n\t\t\t\t\t\t\t<\/div>\n\t\t<\/section>\n\t\t\t\t<section class=\"elementor-section elementor-top-section elementor-element elementor-element-d663d8e elementor-section-boxed elementor-section-height-default elementor-section-height-default edgtf-elementor-container-no edgtf-section edgtf-parallax-section-holder-touch-disabled edgtf-parallax-section-no\" data-id=\"d663d8e\" data-element_type=\"section\">\n\t\t\t\t\t\t<div class=\"elementor-container elementor-column-gap-default\">\n\t\t\t\t\t<div class=\"elementor-column elementor-col-100 elementor-top-column elementor-element elementor-element-3927bb1\" data-id=\"3927bb1\" data-element_type=\"column\">\n\t\t\t<div class=\"elementor-widget-wrap elementor-element-populated\">\n\t\t\t\t\t\t\t\t<div class=\"elementor-element elementor-element-2606aa9 elementor-widget elementor-widget-text-editor\" data-id=\"2606aa9\" data-element_type=\"widget\" data-widget_type=\"text-editor.default\">\n\t\t\t\t<div class=\"elementor-widget-container\">\n\t\t\t\t\t\t\t<p>Los Directores de PATHere.org reserva el derecho de otorgar la calidad de socio honorario a un individuo o una organizaci\u00f3n. Este tipo de membres\u00eda ser\u00e1 conferido por el especial y un\u00e1nime de la proclamaci\u00f3n de la Administraci\u00f3n en el reconocimiento de los resultados excepcionales y\/o servicios de dicha persona o a la organizaci\u00f3n en la consecuci\u00f3n de la misi\u00f3n y los objetivos de PATHere.org.<\/p>\t\t\t\t\t\t<\/div>\n\t\t\t\t<\/div>\n\t\t\t\t<div class=\"elementor-element elementor-element-3cbb95d elementor-widget elementor-widget-text-editor\" data-id=\"3cbb95d\" data-element_type=\"widget\" data-widget_type=\"text-editor.default\">\n\t\t\t\t<div class=\"elementor-widget-container\">\n\t\t\t\t\t\t\t<h3>Per\u00edodo De Suscripci\u00f3n<\/h3>\n<br>\nEl periodo de inscripci\u00f3n comienza el 1 de enero y termina el 31 de diciembre del mismo a\u00f1o. El pago de la membres\u00eda cubre este per\u00edodo.\n<p><\/p>\n<br>\t\t\t\t\t\t<\/div>\n\t\t\t\t<\/div>\n\t\t\t\t<div class=\"elementor-element elementor-element-f10121c elementor-widget elementor-widget-text-editor\" data-id=\"f10121c\" data-element_type=\"widget\" data-widget_type=\"text-editor.default\">\n\t\t\t\t<div class=\"elementor-widget-container\">\n\t\t\t\t\t\t\t<h3>La Terminaci\u00f3n De La Membres\u00eda<\/h3>\n<br>\nMembership in PATHere.org shall terminate due to non-payment of the membership fee. A member can end their membership at any time. Membership may be terminated by the Directors of the Board of Directors for a justified reason. Good cause includes actions against the objectives of the organization. Membership termination must be approved by a two-thirds majority of the Directors of the Board of Directors.\t\t\t\t\t\t<\/div>\n\t\t\t\t<\/div>\n\t\t\t\t<div class=\"elementor-element elementor-element-7e97d8c elementor-widget elementor-widget-text-editor\" data-id=\"7e97d8c\" data-element_type=\"widget\" data-widget_type=\"text-editor.default\">\n\t\t\t\t<div class=\"elementor-widget-container\">\n\t\t\t\t\t\t\t<h3>Solicitud De Membres\u00eda<\/h3><p><br \/>Para convertirse en un miembro de PATHere.org una persona debe cumplir con los siguientes requisitos:<\/p><ul><li>Llene la solicitud en l\u00ednea a continuaci\u00f3n y haga clic en el bot\u00f3n enviar. La solicitud ser\u00e1 procesada por el PATHere.org Secretario.<\/li><li>Pay online using the\u00a0 application <strong>Venmo<\/strong> to @Peruvians1, or <strong>Zelle <\/strong>\u00a0to @Teresa.rauscher@pathere.org<\/li><\/ul><p>\u00a0<\/p>\t\t\t\t\t\t<\/div>\n\t\t\t\t<\/div>\n\t\t\t\t<div class=\"elementor-element elementor-element-7cb7703 elementor-widget elementor-widget-edgtf_button\" data-id=\"7cb7703\" data-element_type=\"widget\" data-widget_type=\"edgtf_button.default\">\n\t\t\t\t<div class=\"elementor-widget-container\">\n\t\t\t<a itemprop=\"url\" href=\"https:\/\/pathere.org\/es\/membership-form\/\" target=\"_self\"  class=\"edgtf-btn edgtf-btn-medium edgtf-btn-solid edgtf-btn-icon\"  >\n\t<span class=\"edgtf-btn-text\">Llenar el formulario de aplicaci\u00f3n<\/span>\n    <\/a>\t\t<\/div>\n\t\t\t\t<\/div>\n\t\t\t\t\t<\/div>\n\t\t<\/div>\n\t\t\t\t\t\t\t<\/div>\n\t\t<\/section>\n\t\t\t\t<section class=\"elementor-section elementor-top-section elementor-element elementor-element-9d8b725 elementor-section-boxed elementor-section-height-default elementor-section-height-default edgtf-elementor-container-no edgtf-section edgtf-parallax-section-holder-touch-disabled edgtf-parallax-section-no\" data-id=\"9d8b725\" data-element_type=\"section\">\n\t\t\t\t\t\t<div class=\"elementor-container elementor-column-gap-default\">\n\t\t\t\t\t<div class=\"elementor-column elementor-col-100 elementor-top-column elementor-element elementor-element-892044d\" data-id=\"892044d\" data-element_type=\"column\">\n\t\t\t<div class=\"elementor-widget-wrap\">\n\t\t\t\t\t\t\t\t\t<\/div>\n\t\t<\/div>\n\t\t\t\t\t\t\t<\/div>\n\t\t<\/section>\n\t\t\t\t<section class=\"elementor-section elementor-top-section elementor-element elementor-element-b09eb5c elementor-section-boxed elementor-section-height-default elementor-section-height-default edgtf-elementor-container-no edgtf-section edgtf-parallax-section-holder-touch-disabled edgtf-parallax-section-no\" data-id=\"b09eb5c\" data-element_type=\"section\">\n\t\t\t\t\t\t<div class=\"elementor-container elementor-column-gap-default\">\n\t\t\t\t\t<div class=\"elementor-column elementor-col-100 elementor-top-column elementor-element elementor-element-1037bc7\" data-id=\"1037bc7\" data-element_type=\"column\">\n\t\t\t<div class=\"elementor-widget-wrap\">\n\t\t\t\t\t\t\t\t\t<\/div>\n\t\t<\/div>\n\t\t\t\t\t\t\t<\/div>\n\t\t<\/section>\n\t\t\t\t\t\t\t<\/div>","protected":false},"excerpt":{"rendered":"<p>Membership Membership in PATHere.org is available to any person who commits to respect, to support, and to promote the mission and objectives of the organization. Membership is open to all individuals regardless of age, gender, sexual orientation, color, race, ethnic group, national origin, political affiliation, religion, or disability. Benefits of PATHere.org members Members are entitled&#8230;<\/p>","protected":false},"author":1,"featured_media":0,"parent":0,"menu_order":0,"comment_status":"closed","ping_status":"closed","template":"","meta":{"_joinchat":[]},"_links":{"self":[{"href":"https:\/\/pathere.org\/es\/wp-json\/wp\/v2\/pages\/18545"}],"collection":[{"href":"https:\/\/pathere.org\/es\/wp-json\/wp\/v2\/pages"}],"about":[{"href":"https:\/\/pathere.org\/es\/wp-json\/wp\/v2\/types\/page"}],"author":[{"embeddable":true,"href":"https:\/\/pathere.org\/es\/wp-json\/wp\/v2\/users\/1"}],"replies":[{"embeddable":true,"href":"https:\/\/pathere.org\/es\/wp-json\/wp\/v2\/comments?post=18545"}],"version-history":[{"count":126,"href":"https:\/\/pathere.org\/es\/wp-json\/wp\/v2\/pages\/18545\/revisions"}],"predecessor-version":[{"id":21179,"href":"https:\/\/pathere.org\/es\/wp-json\/wp\/v2\/pages\/18545\/revisions\/21179"}],"wp:attachment":[{"href":"https:\/\/pathere.org\/es\/wp-json\/wp\/v2\/media?parent=18545"}],"curies":[{"name":"wp","href":"https:\/\/api.w.org\/{rel}","templated":true}]}}