
{"id":18493,"date":"2022-09-27T21:48:53","date_gmt":"2022-09-27T21:48:53","guid":{"rendered":"https:\/\/pathere.org\/?page_id=18493"},"modified":"2026-03-12T01:33:40","modified_gmt":"2026-03-12T01:33:40","slug":"educational-scholarship-program","status":"publish","type":"page","link":"https:\/\/pathere.org\/es\/educational\/educational-scholarship-program\/","title":{"rendered":"Programa de Becas"},"content":{"rendered":"<div data-elementor-type=\"wp-page\" data-elementor-id=\"18493\" class=\"elementor elementor-18493\">\n\t\t\t\t\t\t\t\t\t<section class=\"elementor-section elementor-top-section elementor-element elementor-element-e5d1eaf elementor-section-boxed elementor-section-height-default elementor-section-height-default edgtf-elementor-container-no edgtf-section edgtf-parallax-section-holder-touch-disabled edgtf-parallax-section-no\" data-id=\"e5d1eaf\" data-element_type=\"section\">\n\t\t\t\t\t\t<div class=\"elementor-container elementor-column-gap-default\">\n\t\t\t\t\t<div class=\"elementor-column elementor-col-100 elementor-top-column elementor-element elementor-element-ecc418a\" data-id=\"ecc418a\" data-element_type=\"column\">\n\t\t\t<div class=\"elementor-widget-wrap elementor-element-populated\">\n\t\t\t\t\t\t\t\t<div class=\"elementor-element elementor-element-45a0dfb elementor-widget elementor-widget-heading\" data-id=\"45a0dfb\" data-element_type=\"widget\" data-widget_type=\"heading.default\">\n\t\t\t\t<div class=\"elementor-widget-container\">\n\t\t\t<style>\/*! elementor - v3.7.0 - 08-08-2022 *\/\n.elementor-heading-title{padding:0;margin:0;line-height:1}.elementor-widget-heading .elementor-heading-title[class*=elementor-size-]>a{color:inherit;font-size:inherit;line-height:inherit}.elementor-widget-heading .elementor-heading-title.elementor-size-small{font-size:15px}.elementor-widget-heading .elementor-heading-title.elementor-size-medium{font-size:19px}.elementor-widget-heading .elementor-heading-title.elementor-size-large{font-size:29px}.elementor-widget-heading .elementor-heading-title.elementor-size-xl{font-size:39px}.elementor-widget-heading .elementor-heading-title.elementor-size-xxl{font-size:59px}<\/style><h2 class=\"elementor-heading-title elementor-size-default\">Programa de Becas<\/h2>\t\t<\/div>\n\t\t\t\t<\/div>\n\t\t\t\t<div class=\"elementor-element elementor-element-c1f921b elementor-widget elementor-widget-qi_addons_for_elementor_separator\" data-id=\"c1f921b\" data-element_type=\"widget\" data-widget_type=\"qi_addons_for_elementor_separator.default\">\n\t\t\t\t<div class=\"elementor-widget-container\">\n\t\t\t<div class=\"qodef-shortcode qodef-m  qodef-qi-separator qodef-qi-clear qodef-separator--standard\">\n\t<div class=\"qodef-m-line\"><\/div>\n<\/div>\n\t\t<\/div>\n\t\t\t\t<\/div>\n\t\t\t\t\t<\/div>\n\t\t<\/div>\n\t\t\t\t\t\t\t<\/div>\n\t\t<\/section>\n\t\t\t\t<section class=\"elementor-section elementor-top-section elementor-element elementor-element-f320fc2 elementor-section-boxed elementor-section-height-default elementor-section-height-default edgtf-elementor-container-no edgtf-section edgtf-parallax-section-holder-touch-disabled edgtf-parallax-section-no\" data-id=\"f320fc2\" data-element_type=\"section\">\n\t\t\t\t\t\t<div class=\"elementor-container elementor-column-gap-default\">\n\t\t\t\t\t<div class=\"elementor-column elementor-col-50 elementor-top-column elementor-element elementor-element-a6fcaff\" data-id=\"a6fcaff\" data-element_type=\"column\">\n\t\t\t<div class=\"elementor-widget-wrap elementor-element-populated\">\n\t\t\t\t\t\t\t\t<div class=\"elementor-element elementor-element-f7d7f6d elementor-widget elementor-widget-text-editor\" data-id=\"f7d7f6d\" data-element_type=\"widget\" data-widget_type=\"text-editor.default\">\n\t\t\t\t<div class=\"elementor-widget-container\">\n\t\t\t<style>\/*! elementor - v3.7.0 - 08-08-2022 *\/\n.elementor-widget-text-editor.elementor-drop-cap-view-stacked .elementor-drop-cap{background-color:#818a91;color:#fff}.elementor-widget-text-editor.elementor-drop-cap-view-framed .elementor-drop-cap{color:#818a91;border:3px solid;background-color:transparent}.elementor-widget-text-editor:not(.elementor-drop-cap-view-default) .elementor-drop-cap{margin-top:8px}.elementor-widget-text-editor:not(.elementor-drop-cap-view-default) .elementor-drop-cap-letter{width:1em;height:1em}.elementor-widget-text-editor .elementor-drop-cap{float:left;text-align:center;line-height:1;font-size:50px}.elementor-widget-text-editor .elementor-drop-cap-letter{display:inline-block}<\/style>\t\t\t\t<p>PATHere.org Scholarship Program aims to encourage, to support, and to reward Peruvian-American students who are about to begin their college studies in the United States for their academic achievement, educational aspirations, and their community service in the United States or in Peru. Through this program, PATHere.org seeks to motivate Peruvian-American students to pursue higher education, to deepen their attachment to their Peruvian heritage, to participate in the community, and to nurture a sense of global social responsibility.<\/p>\t\t\t\t\t\t<\/div>\n\t\t\t\t<\/div>\n\t\t\t\t\t<\/div>\n\t\t<\/div>\n\t\t\t\t<div class=\"elementor-column elementor-col-50 elementor-top-column elementor-element elementor-element-f826df1\" data-id=\"f826df1\" data-element_type=\"column\">\n\t\t\t<div class=\"elementor-widget-wrap elementor-element-populated\">\n\t\t\t\t\t\t\t\t<div class=\"elementor-element elementor-element-8bb82e6 elementor-widget elementor-widget-text-editor\" data-id=\"8bb82e6\" data-element_type=\"widget\" data-widget_type=\"text-editor.default\">\n\t\t\t\t<div class=\"elementor-widget-container\">\n\t\t\t\t\t\t\t<p>The Scholarship Program is funded by individual donations. PATHere.org is committed to raising funds to continue and, if possible, to expand its Scholarship Program in the future.\u00a0If you would like to contribute to PATHere.org&#8217;s, Scholarship Program, you can do so via <strong>Venmo or Zelle.<\/strong>\u00a0<\/p>\t\t\t\t\t\t<\/div>\n\t\t\t\t<\/div>\n\t\t\t\t\t<\/div>\n\t\t<\/div>\n\t\t\t\t\t\t\t<\/div>\n\t\t<\/section>\n\t\t\t\t<section class=\"elementor-section elementor-top-section elementor-element elementor-element-788430c elementor-section-boxed elementor-section-height-default elementor-section-height-default edgtf-elementor-container-no edgtf-section edgtf-parallax-section-holder-touch-disabled edgtf-parallax-section-no\" data-id=\"788430c\" data-element_type=\"section\">\n\t\t\t\t\t\t<div class=\"elementor-container elementor-column-gap-default\">\n\t\t\t\t\t<div class=\"elementor-column elementor-col-100 elementor-top-column elementor-element elementor-element-41376fa\" data-id=\"41376fa\" data-element_type=\"column\">\n\t\t\t<div class=\"elementor-widget-wrap elementor-element-populated\">\n\t\t\t\t\t\t\t\t<div class=\"elementor-element elementor-element-bd05e9e elementor-widget elementor-widget-text-editor\" data-id=\"bd05e9e\" data-element_type=\"widget\" data-widget_type=\"text-editor.default\">\n\t\t\t\t<div class=\"elementor-widget-container\">\n\t\t\t\t\t\t\t<h3><strong>Concurso de Becas<\/strong><\/h3><p><br \/>PATHere.org shall conduct an annual scholarship competition granting two scholarships, each of $ 2,000.<\/p>\t\t\t\t\t\t<\/div>\n\t\t\t\t<\/div>\n\t\t\t\t\t<\/div>\n\t\t<\/div>\n\t\t\t\t\t\t\t<\/div>\n\t\t<\/section>\n\t\t\t\t<section class=\"elementor-section elementor-top-section elementor-element elementor-element-1ee5097 elementor-section-boxed elementor-section-height-default elementor-section-height-default edgtf-elementor-container-no edgtf-section edgtf-parallax-section-holder-touch-disabled edgtf-parallax-section-no elementor-invisible\" data-id=\"1ee5097\" data-element_type=\"section\" data-settings=\"{&quot;animation&quot;:&quot;fadeInRight&quot;}\">\n\t\t\t\t\t\t<div class=\"elementor-container elementor-column-gap-default\">\n\t\t\t\t\t<div class=\"elementor-column elementor-col-50 elementor-top-column elementor-element elementor-element-816c810 elementor-invisible\" data-id=\"816c810\" data-element_type=\"column\" data-settings=\"{&quot;background_background&quot;:&quot;classic&quot;,&quot;animation&quot;:&quot;fadeInRight&quot;}\">\n\t\t\t<div class=\"elementor-widget-wrap elementor-element-populated\">\n\t\t\t\t\t\t\t\t<div class=\"elementor-element elementor-element-ab04343 elementor-widget elementor-widget-heading\" data-id=\"ab04343\" data-element_type=\"widget\" data-widget_type=\"heading.default\">\n\t\t\t\t<div class=\"elementor-widget-container\">\n\t\t\t<h3 class=\"elementor-heading-title elementor-size-default\">Requisitos Para La Beca<\/h3>\t\t<\/div>\n\t\t\t\t<\/div>\n\t\t\t\t<div class=\"elementor-element elementor-element-b538a07 elementor-widget elementor-widget-edgtf_list_ordered\" data-id=\"b538a07\" data-element_type=\"widget\" data-widget_type=\"edgtf_list_ordered.default\">\n\t\t\t\t<div class=\"elementor-widget-container\">\n\t\t\t<div class= \"edgtf-ordered-list\" ><ol style=\"list-style-position: outside;\"><li>Ser de ascendencia peruana y poder acreditar ascendencia peruana.<\/li><li>Tener entre 16 y 25 a\u00f1os de edad.<\/li><li>Haber sido aceptado en un colegio o universidad de 2 o 4 a\u00f1os.<\/li><li>Ser residente de Pennsylvania, Nueva Jersey, o Delaware.<\/li><li>Complete the PATHere.org application and submit all requested information by the due date.<\/li><\/ol><\/div>\t\t<\/div>\n\t\t\t\t<\/div>\n\t\t\t\t<div class=\"elementor-element elementor-element-c210875 elementor-widget elementor-widget-html\" data-id=\"c210875\" data-element_type=\"widget\" data-widget_type=\"html.default\">\n\t\t\t\t<div class=\"elementor-widget-container\">\n\t\t\t<style>\r\nol li::before {\r\ncolor: ;\r\nleft: -20px;\r\nposition: absolute;\r\ntext-align: right;\r\n\r\n} \r\n<\/style>\t\t<\/div>\n\t\t\t\t<\/div>\n\t\t\t\t\t<\/div>\n\t\t<\/div>\n\t\t\t\t<div class=\"elementor-column elementor-col-50 elementor-top-column elementor-element elementor-element-9aa07ad\" data-id=\"9aa07ad\" data-element_type=\"column\" data-settings=\"{&quot;background_background&quot;:&quot;classic&quot;}\">\n\t\t\t<div class=\"elementor-widget-wrap elementor-element-populated\">\n\t\t\t\t\t\t\t\t<div class=\"elementor-element elementor-element-f9b07d4 elementor-widget elementor-widget-image\" data-id=\"f9b07d4\" data-element_type=\"widget\" data-widget_type=\"image.default\">\n\t\t\t\t<div class=\"elementor-widget-container\">\n\t\t\t<style>\/*! elementor - v3.7.0 - 08-08-2022 *\/\n.elementor-widget-image{text-align:center}.elementor-widget-image a{display:inline-block}.elementor-widget-image a img[src$=\".svg\"]{width:48px}.elementor-widget-image img{vertical-align:middle;display:inline-block}<\/style>\t\t\t\t\t\t\t\t\t\t\t\t<img width=\"600\" height=\"400\" src=\"https:\/\/pathere.org\/wp-content\/uploads\/2022\/09\/scholarship1.jpg\" class=\"attachment-large size-large\" alt=\"\" loading=\"lazy\" srcset=\"https:\/\/pathere.org\/wp-content\/uploads\/2022\/09\/scholarship1.jpg 600w, https:\/\/pathere.org\/wp-content\/uploads\/2022\/09\/scholarship1-300x200.jpg 300w\" sizes=\"(max-width: 600px) 100vw, 600px\" \/>\t\t\t\t\t\t\t\t\t\t\t\t\t\t\t<\/div>\n\t\t\t\t<\/div>\n\t\t\t\t\t<\/div>\n\t\t<\/div>\n\t\t\t\t\t\t\t<\/div>\n\t\t<\/section>\n\t\t\t\t<section class=\"elementor-section elementor-top-section elementor-element elementor-element-9f47b85 elementor-section-boxed elementor-section-height-default elementor-section-height-default edgtf-elementor-container-no edgtf-section edgtf-parallax-section-holder-touch-disabled edgtf-parallax-section-no elementor-invisible\" data-id=\"9f47b85\" data-element_type=\"section\" data-settings=\"{&quot;animation&quot;:&quot;fadeInLeft&quot;}\">\n\t\t\t\t\t\t<div class=\"elementor-container elementor-column-gap-default\">\n\t\t\t\t\t<div class=\"elementor-column elementor-col-50 elementor-top-column elementor-element elementor-element-5464324\" data-id=\"5464324\" data-element_type=\"column\" data-settings=\"{&quot;background_background&quot;:&quot;classic&quot;}\">\n\t\t\t<div class=\"elementor-widget-wrap elementor-element-populated\">\n\t\t\t\t\t\t\t\t<div class=\"elementor-element elementor-element-d51765e elementor-widget elementor-widget-image\" data-id=\"d51765e\" data-element_type=\"widget\" data-widget_type=\"image.default\">\n\t\t\t\t<div class=\"elementor-widget-container\">\n\t\t\t\t\t\t\t\t\t\t\t\t\t\t\t<img width=\"600\" height=\"761\" src=\"https:\/\/pathere.org\/wp-content\/uploads\/2022\/09\/requet.jpg\" class=\"attachment-large size-large\" alt=\"\" loading=\"lazy\" srcset=\"https:\/\/pathere.org\/wp-content\/uploads\/2022\/09\/requet.jpg 600w, https:\/\/pathere.org\/wp-content\/uploads\/2022\/09\/requet-237x300.jpg 237w\" sizes=\"(max-width: 600px) 100vw, 600px\" \/>\t\t\t\t\t\t\t\t\t\t\t\t\t\t\t<\/div>\n\t\t\t\t<\/div>\n\t\t\t\t\t<\/div>\n\t\t<\/div>\n\t\t\t\t<div class=\"elementor-column elementor-col-50 elementor-top-column elementor-element elementor-element-51914ba\" data-id=\"51914ba\" data-element_type=\"column\" data-settings=\"{&quot;background_background&quot;:&quot;classic&quot;}\">\n\t\t\t<div class=\"elementor-widget-wrap elementor-element-populated\">\n\t\t\t\t\t\t\t\t<div class=\"elementor-element elementor-element-f2a4887 elementor-widget elementor-widget-heading\" data-id=\"f2a4887\" data-element_type=\"widget\" data-widget_type=\"heading.default\">\n\t\t\t\t<div class=\"elementor-widget-container\">\n\t\t\t<h3 class=\"elementor-heading-title elementor-size-default\">Procedimientos de becas<\/h3>\t\t<\/div>\n\t\t\t\t<\/div>\n\t\t\t\t<div class=\"elementor-element elementor-element-01e0c04 elementor-widget elementor-widget-text-editor\" data-id=\"01e0c04\" data-element_type=\"widget\" data-widget_type=\"text-editor.default\">\n\t\t\t\t<div class=\"elementor-widget-container\">\n\t\t\t\t\t\t\t<p>Candidates should submit their completed scholarship application package by May 18th. The Scholarship package includes the Application Form and the following information:<\/p>\t\t\t\t\t\t<\/div>\n\t\t\t\t<\/div>\n\t\t\t\t<div class=\"elementor-element elementor-element-72d393a elementor-widget elementor-widget-edgtf_list_ordered\" data-id=\"72d393a\" data-element_type=\"widget\" data-widget_type=\"edgtf_list_ordered.default\">\n\t\t\t\t<div class=\"elementor-widget-container\">\n\t\t\t<div class= \"edgtf-ordered-list\" ><ol><li>Escuela secundaria oficial actual o expediente acad\u00e9mico con un promedio m\u00ednimo de 3.0 o B.<\/li><li>Dos cartas de recomendaci\u00f3n. Una carta debe ser de un maestro o consejero escolar del candidato y la otra carta puede ser de cualquier miembro que no sea de la familia. Los candidatos deben proporcionar los nombres, t\u00edtulos, n\u00fameros de tel\u00e9fono y direcciones postales y electr\u00f3nicas de las personas.<\/li><li>Un ensayo en espa\u00f1ol de entre 300 y 600 palabras, sobre un tema relacionado con el Per\u00fa, como su cultura, historia, ecolog\u00eda o literatura y c\u00f3mo ha influido en la vida o los objetivos profesionales del solicitante.<\/li><li>Una breve descripci\u00f3n del servicio comunitario del solicitante.<\/li><\/ol><\/div>\t\t<\/div>\n\t\t\t\t<\/div>\n\t\t\t\t\t<\/div>\n\t\t<\/div>\n\t\t\t\t\t\t\t<\/div>\n\t\t<\/section>\n\t\t\t\t<section class=\"elementor-section elementor-top-section elementor-element elementor-element-90dbad5 elementor-section-boxed elementor-section-height-default elementor-section-height-default edgtf-elementor-container-no edgtf-section edgtf-parallax-section-holder-touch-disabled edgtf-parallax-section-no\" data-id=\"90dbad5\" data-element_type=\"section\">\n\t\t\t\t\t\t<div class=\"elementor-container elementor-column-gap-default\">\n\t\t\t\t\t<div class=\"elementor-column elementor-col-100 elementor-top-column elementor-element elementor-element-936c472\" data-id=\"936c472\" data-element_type=\"column\">\n\t\t\t<div class=\"elementor-widget-wrap elementor-element-populated\">\n\t\t\t\t\t\t\t\t<div class=\"elementor-element elementor-element-260acdb elementor-widget elementor-widget-edgtf_icon_list_item\" data-id=\"260acdb\" data-element_type=\"widget\" data-widget_type=\"edgtf_icon_list_item.default\">\n\t\t\t\t<div class=\"elementor-widget-container\">\n\t\t\t<div class=\"edgtf-icon-list-item\">\n\t<div class=\"edgtf-icon-list-icon-holder\">\n        <div class=\"edgtf-icon-list-icon-holder-inner clearfix\">\n\t\t\t<i class=\"edgtf-icon-font-awesome fa fa-angle-right\" style=\"color:#E43F31;font-size:20px\" ><\/i>\t\t<\/div>\n\t<\/div>\n\t<p class=\"edgtf-icon-list-text\" style=\"color:#626262;font-size:14px\" > The complete application package may be submitted via online to educational@pathere.org.<\/p>\n<\/div>\t\t<\/div>\n\t\t\t\t<\/div>\n\t\t\t\t\t<\/div>\n\t\t<\/div>\n\t\t\t\t\t\t\t<\/div>\n\t\t<\/section>\n\t\t\t\t<section class=\"elementor-section elementor-top-section elementor-element elementor-element-3d503bd elementor-section-boxed elementor-section-height-default elementor-section-height-default edgtf-elementor-container-no edgtf-section edgtf-parallax-section-holder-touch-disabled edgtf-parallax-section-no\" data-id=\"3d503bd\" data-element_type=\"section\">\n\t\t\t\t\t\t<div class=\"elementor-container elementor-column-gap-default\">\n\t\t\t\t\t<div class=\"elementor-column elementor-col-100 elementor-top-column elementor-element elementor-element-1621648\" data-id=\"1621648\" data-element_type=\"column\">\n\t\t\t<div class=\"elementor-widget-wrap elementor-element-populated\">\n\t\t\t\t\t\t\t\t<div class=\"elementor-element elementor-element-3702cd3 elementor-widget elementor-widget-heading\" data-id=\"3702cd3\" data-element_type=\"widget\" data-widget_type=\"heading.default\">\n\t\t\t\t<div class=\"elementor-widget-container\">\n\t\t\t<h3 class=\"elementor-heading-title elementor-size-default\">Notas Adicionales\n<\/h3>\t\t<\/div>\n\t\t\t\t<\/div>\n\t\t\t\t<div class=\"elementor-element elementor-element-f5d06a9 elementor-widget elementor-widget-edgtf_list_ordered\" data-id=\"f5d06a9\" data-element_type=\"widget\" data-widget_type=\"edgtf_list_ordered.default\">\n\t\t\t\t<div class=\"elementor-widget-container\">\n\t\t\t<div class= \"edgtf-ordered-list\" ><ol><li>No se considerar\u00e1n los paquetes de solicitud incompletos o recibidos despu\u00e9s de la fecha de vencimiento del 18 de mayo.<sup>th<\/sup> no ser\u00e1n consideradas.<\/li><li>Las cartas de recomendaci\u00f3n vencen el 18 de mayo.<\/li><li>Los solicitantes ser\u00e1n notificados por correspondencia electr\u00f3nica si es necesaria una entrevista personal<\/li><li>El premio ser\u00e1 pagadero a la instituci\u00f3n educativa a la que asistir\u00e1 el estudiante.<\/li><li>Si el destinatario del premio seleccionado no se inscribe en la universidad antes del oto\u00f1o del a\u00f1o de la solicitud presentada, la beca se otorgar\u00e1 al primer finalista.<\/li><li>PATHere.org reserves the right not to grant an award due to lack of participation by qualified candidates and\/or lack of funding.<\/li><\/ol><\/div>\t\t<\/div>\n\t\t\t\t<\/div>\n\t\t\t\t\t<\/div>\n\t\t<\/div>\n\t\t\t\t\t\t\t<\/div>\n\t\t<\/section>\n\t\t\t\t<section class=\"elementor-section elementor-top-section elementor-element elementor-element-e228bca elementor-section-boxed elementor-section-height-default elementor-section-height-default edgtf-elementor-container-no edgtf-section edgtf-parallax-section-holder-touch-disabled edgtf-parallax-section-no\" data-id=\"e228bca\" data-element_type=\"section\">\n\t\t\t\t\t\t<div class=\"elementor-container elementor-column-gap-default\">\n\t\t\t\t\t<div class=\"elementor-column elementor-col-100 elementor-top-column elementor-element elementor-element-5566f83\" data-id=\"5566f83\" data-element_type=\"column\">\n\t\t\t<div class=\"elementor-widget-wrap elementor-element-populated\">\n\t\t\t\t\t\t\t\t<div class=\"elementor-element elementor-element-dc6721c elementor-widget elementor-widget-heading\" data-id=\"dc6721c\" data-element_type=\"widget\" data-widget_type=\"heading.default\">\n\t\t\t\t<div class=\"elementor-widget-container\">\n\t\t\t<h3 class=\"elementor-heading-title elementor-size-default\">Cronolog\u00eda de becas<\/h3>\t\t<\/div>\n\t\t\t\t<\/div>\n\t\t\t\t<div class=\"elementor-element elementor-element-488e4ff elementor-widget elementor-widget-text-editor\" data-id=\"488e4ff\" data-element_type=\"widget\" data-widget_type=\"text-editor.default\">\n\t\t\t\t<div class=\"elementor-widget-container\">\n\t\t\t\t\t\t\t<ul><li>Anuncio del programa de becas PATHere.org antes del 18 de enero.<sup>th<\/sup><\/li><li>Paquete de solicitud de beca disponible, 18 de enero<sup>th<\/sup><\/li><li>Solicitud en l\u00ednea antes del 18 de mayo<sup>th<\/sup><\/li><li>Cartas de recomendaci\u00f3n con vencimiento el 18 de mayo<sup>th<\/sup><\/li><li>Revisi\u00f3n del Comit\u00e9 de Becas completada el 1 de julio<sup>st<\/sup><\/li><li>Anuncio de adjudicaci\u00f3n, 18 de julio<sup>th<\/sup><\/li><li>Entrega de premios 28 de julio<sup>th<\/sup><\/li><\/ul>\t\t\t\t\t\t<\/div>\n\t\t\t\t<\/div>\n\t\t\t\t\t<\/div>\n\t\t<\/div>\n\t\t\t\t\t\t\t<\/div>\n\t\t<\/section>\n\t\t\t\t<section class=\"elementor-section elementor-top-section elementor-element elementor-element-b0af955 elementor-section-boxed elementor-section-height-default elementor-section-height-default edgtf-elementor-container-no edgtf-section edgtf-parallax-section-holder-touch-disabled edgtf-parallax-section-no\" data-id=\"b0af955\" data-element_type=\"section\">\n\t\t\t\t\t\t<div class=\"elementor-container elementor-column-gap-default\">\n\t\t\t\t\t<div class=\"elementor-column elementor-col-100 elementor-top-column elementor-element elementor-element-1c04021\" data-id=\"1c04021\" data-element_type=\"column\">\n\t\t\t<div class=\"elementor-widget-wrap elementor-element-populated\">\n\t\t\t\t\t\t\t\t<div class=\"elementor-element elementor-element-78fcd48 elementor-widget elementor-widget-heading\" data-id=\"78fcd48\" data-element_type=\"widget\" data-widget_type=\"heading.default\">\n\t\t\t\t<div class=\"elementor-widget-container\">\n\t\t\t<h3 class=\"elementor-heading-title elementor-size-default\">Comit\u00e9 de Becas<\/h3>\t\t<\/div>\n\t\t\t\t<\/div>\n\t\t\t\t<div class=\"elementor-element elementor-element-deb9541 elementor-widget elementor-widget-text-editor\" data-id=\"deb9541\" data-element_type=\"widget\" data-widget_type=\"text-editor.default\">\n\t\t\t\t<div class=\"elementor-widget-container\">\n\t\t\t\t\t\t\t<p>PATHere.org shall establish an annual Scholarship Committee to review and to assist with the selection of the winners of the scholarship competition. The committee shall have three members with community, nonprofit, business, or academic experience. Members of the Scholarship Committee shall protect the candidates\u2019 personal information and safeguard the confidential nature of their applications and related documentation.<\/p>\t\t\t\t\t\t<\/div>\n\t\t\t\t<\/div>\n\t\t\t\t\t<\/div>\n\t\t<\/div>\n\t\t\t\t\t\t\t<\/div>\n\t\t<\/section>\n\t\t\t\t<section class=\"elementor-section elementor-top-section elementor-element elementor-element-6612635 elementor-section-full_width elementor-section-height-default elementor-section-height-default edgtf-elementor-container-no edgtf-section edgtf-parallax-section-holder-touch-disabled edgtf-parallax-section-no\" data-id=\"6612635\" data-element_type=\"section\">\n\t\t\t\t\t\t<div class=\"elementor-container elementor-column-gap-default\">\n\t\t\t\t\t<div class=\"elementor-column elementor-col-100 elementor-top-column elementor-element elementor-element-fc1bf39\" data-id=\"fc1bf39\" data-element_type=\"column\">\n\t\t\t<div class=\"elementor-widget-wrap\">\n\t\t\t\t\t\t\t\t\t<\/div>\n\t\t<\/div>\n\t\t\t\t\t\t\t<\/div>\n\t\t<\/section>\n\t\t\t\t<section class=\"elementor-section elementor-top-section elementor-element elementor-element-65afb50 elementor-section-full_width elementor-section-stretched elementor-section-height-default elementor-section-height-default edgtf-elementor-container-no edgtf-section edgtf-parallax-section-holder-touch-disabled edgtf-parallax-section-no\" data-id=\"65afb50\" data-element_type=\"section\" data-settings=\"{&quot;stretch_section&quot;:&quot;section-stretched&quot;,&quot;background_background&quot;:&quot;classic&quot;}\">\n\t\t\t\t\t\t<div class=\"elementor-container elementor-column-gap-default\">\n\t\t\t\t\t<div class=\"elementor-column elementor-col-100 elementor-top-column elementor-element elementor-element-9cdf27a\" data-id=\"9cdf27a\" data-element_type=\"column\">\n\t\t\t<div class=\"elementor-widget-wrap elementor-element-populated\">\n\t\t\t\t\t\t\t\t<div class=\"elementor-element elementor-element-de562d9 elementor-widget__width-inherit elementor-widget elementor-widget-edgtf_call_to_action\" data-id=\"de562d9\" data-element_type=\"widget\" data-widget_type=\"edgtf_call_to_action.default\">\n\t\t\t\t<div class=\"elementor-widget-container\">\n\t\t\t\t<div class=\"edgtf-call-to-action normal\" style=\"background-color: #4D6A9B;\">\n\n\t\t\t\t<div class=\"edgtf-container-inner\">\n\t\t\t\t\t<div class=\"edgtf-call-to-action-row-66-33 clearfix\" >\n\t\t\t\t\t\t<div class=\"edgtf-text-wrapper edgtf-call-to-action-column1 edgtf-call-to-action-cell left\">\n\t\t\t\t\t<div class=\"edgtf-call-to-action-text\" style=\"font-size: 30px;text-align: left\"><span style=\"color: #ffffff;\">Apply now to our scholarship program <\/span>\t\t\t\t\t\t\t\t\t\t\t<\/div>\n\t\t\t\t<\/div>\n\n\t\t\t\t\t\t\t\t\t<div class=\"edgtf-button-wrapper edgtf-call-to-action-column2 edgtf-call-to-action-cell\" style =\"text-align: center ;\">\n\t\t\t\t\t\t<a itemprop=\"url\" href=\"https:\/\/pathere.org\/es\/educational\/educational-scholarship-program-application-form\/\" target=\"_self\"  class=\"edgtf-btn edgtf-btn-large edgtf-btn-solid\"  >\t<span class=\"edgtf-btn-text\">Click here<\/span>    <\/a>\t\t\t\t\t<\/div>\n\t\t\t\t\t\t\t<\/div>\n\t\t\t\t<\/div>\n\t\t\t<\/div>\n\t\t<\/div>\n\t\t\t\t<\/div>\n\t\t\t\t\t<\/div>\n\t\t<\/div>\n\t\t\t\t\t\t\t<\/div>\n\t\t<\/section>\n\t\t\t\t\t\t\t<\/div>","protected":false},"excerpt":{"rendered":"<p>Scholarship Program PATHere.org Scholarship Program aims to encourage, to support, and to reward Peruvian-American students who are about to begin their college studies in the United States for their academic achievement, educational aspirations, and their community service in the United States or in Peru. Through this program, PATHere.org seeks to motivate Peruvian-American students to pursue&#8230;<\/p>","protected":false},"author":1,"featured_media":0,"parent":18480,"menu_order":0,"comment_status":"closed","ping_status":"closed","template":"","meta":{"_joinchat":[]},"_links":{"self":[{"href":"https:\/\/pathere.org\/es\/wp-json\/wp\/v2\/pages\/18493"}],"collection":[{"href":"https:\/\/pathere.org\/es\/wp-json\/wp\/v2\/pages"}],"about":[{"href":"https:\/\/pathere.org\/es\/wp-json\/wp\/v2\/types\/page"}],"author":[{"embeddable":true,"href":"https:\/\/pathere.org\/es\/wp-json\/wp\/v2\/users\/1"}],"replies":[{"embeddable":true,"href":"https:\/\/pathere.org\/es\/wp-json\/wp\/v2\/comments?post=18493"}],"version-history":[{"count":128,"href":"https:\/\/pathere.org\/es\/wp-json\/wp\/v2\/pages\/18493\/revisions"}],"predecessor-version":[{"id":21206,"href":"https:\/\/pathere.org\/es\/wp-json\/wp\/v2\/pages\/18493\/revisions\/21206"}],"up":[{"embeddable":true,"href":"https:\/\/pathere.org\/es\/wp-json\/wp\/v2\/pages\/18480"}],"wp:attachment":[{"href":"https:\/\/pathere.org\/es\/wp-json\/wp\/v2\/media?parent=18493"}],"curies":[{"name":"wp","href":"https:\/\/api.w.org\/{rel}","templated":true}]}}