
{"id":18391,"date":"2022-09-19T22:36:40","date_gmt":"2022-09-19T22:36:40","guid":{"rendered":"https:\/\/pathere.org\/?page_id=18391"},"modified":"2022-12-08T06:41:29","modified_gmt":"2022-12-08T06:41:29","slug":"social","status":"publish","type":"page","link":"https:\/\/pathere.org\/es\/social\/","title":{"rendered":"Social"},"content":{"rendered":"<div data-elementor-type=\"wp-page\" data-elementor-id=\"18391\" class=\"elementor elementor-18391\">\n\t\t\t\t\t\t\t\t\t<section class=\"elementor-section elementor-top-section elementor-element elementor-element-69031d4 elementor-section-boxed elementor-section-height-default elementor-section-height-default edgtf-elementor-container-no edgtf-section edgtf-parallax-section-holder-touch-disabled edgtf-parallax-section-no\" data-id=\"69031d4\" data-element_type=\"section\">\n\t\t\t\t\t\t<div class=\"elementor-container elementor-column-gap-default\">\n\t\t\t\t\t<div class=\"elementor-column elementor-col-100 elementor-top-column elementor-element elementor-element-029ebd0\" data-id=\"029ebd0\" data-element_type=\"column\">\n\t\t\t<div class=\"elementor-widget-wrap elementor-element-populated\">\n\t\t\t\t\t\t\t\t<div class=\"elementor-element elementor-element-1a3732a elementor-widget elementor-widget-heading\" data-id=\"1a3732a\" data-element_type=\"widget\" data-widget_type=\"heading.default\">\n\t\t\t\t<div class=\"elementor-widget-container\">\n\t\t\t<style>\/*! elementor - v3.7.0 - 08-08-2022 *\/\n.elementor-heading-title{padding:0;margin:0;line-height:1}.elementor-widget-heading .elementor-heading-title[class*=elementor-size-]>a{color:inherit;font-size:inherit;line-height:inherit}.elementor-widget-heading .elementor-heading-title.elementor-size-small{font-size:15px}.elementor-widget-heading .elementor-heading-title.elementor-size-medium{font-size:19px}.elementor-widget-heading .elementor-heading-title.elementor-size-large{font-size:29px}.elementor-widget-heading .elementor-heading-title.elementor-size-xl{font-size:39px}.elementor-widget-heading .elementor-heading-title.elementor-size-xxl{font-size:59px}<\/style><h2 class=\"elementor-heading-title elementor-size-default\">COMIT\u00c9 SOCIAL<\/h2>\t\t<\/div>\n\t\t\t\t<\/div>\n\t\t\t\t<div class=\"elementor-element elementor-element-d5edd31 elementor-widget elementor-widget-qi_addons_for_elementor_separator\" data-id=\"d5edd31\" data-element_type=\"widget\" data-widget_type=\"qi_addons_for_elementor_separator.default\">\n\t\t\t\t<div class=\"elementor-widget-container\">\n\t\t\t<div class=\"qodef-shortcode qodef-m  qodef-qi-separator qodef-qi-clear qodef-separator--standard\">\n\t<div class=\"qodef-m-line\"><\/div>\n<\/div>\n\t\t<\/div>\n\t\t\t\t<\/div>\n\t\t\t\t\t<\/div>\n\t\t<\/div>\n\t\t\t\t\t\t\t<\/div>\n\t\t<\/section>\n\t\t\t\t<section class=\"elementor-section elementor-top-section elementor-element elementor-element-3c85b94 elementor-section-boxed elementor-section-height-default elementor-section-height-default edgtf-elementor-container-no edgtf-section edgtf-parallax-section-holder-touch-disabled edgtf-parallax-section-no\" data-id=\"3c85b94\" data-element_type=\"section\">\n\t\t\t\t\t\t<div class=\"elementor-container elementor-column-gap-default\">\n\t\t\t\t\t<div class=\"elementor-column elementor-col-50 elementor-top-column elementor-element elementor-element-9d04997\" data-id=\"9d04997\" data-element_type=\"column\">\n\t\t\t<div class=\"elementor-widget-wrap elementor-element-populated\">\n\t\t\t\t\t\t\t\t<div class=\"elementor-element elementor-element-f2ecc61 elementor-widget elementor-widget-edgtf_image_with_text\" data-id=\"f2ecc61\" data-element_type=\"widget\" data-widget_type=\"edgtf_image_with_text.default\">\n\t\t\t\t<div class=\"elementor-widget-container\">\n\t\t\t\n<div class=\"edgtf-image-with-text  edgtf-text-align-center\">\n\t<div class=\"edgtf-image-with-text-image-inner\">\n\t\t\t\t\t<div class=\"edgtf-image-with-text-image\">\n\t\t\t\t<img width=\"640\" height=\"480\" src=\"https:\/\/pathere.org\/wp-content\/uploads\/2022\/09\/IMG_1049.jpg\" class=\"attachment-full size-full\" alt=\"\" loading=\"lazy\" srcset=\"https:\/\/pathere.org\/wp-content\/uploads\/2022\/09\/IMG_1049.jpg 640w, https:\/\/pathere.org\/wp-content\/uploads\/2022\/09\/IMG_1049-300x225.jpg 300w, https:\/\/pathere.org\/wp-content\/uploads\/2022\/09\/IMG_1049-600x450.jpg 600w\" sizes=\"(max-width: 640px) 100vw, 640px\" \/>\t\t\t<\/div>\n\t\t\t<div class=\"edgtf-image-with-text-image-overlay\">\n\t\t\t\t\t\t\t\t                   \t\t\t<\/div>\n\n\t\t\t<\/div>\n\t<div class=\"edgtf-image-with-text-info\">\n\t\t\n            <h2 class=\"edgtf-image-with-text-text\">\n                \t\t\t\tAcci\u00f3n social\t\t\t\t            <\/h2>\n\t\t\t<\/div>\n<\/div>\t\t<\/div>\n\t\t\t\t<\/div>\n\t\t\t\t<div class=\"elementor-element elementor-element-c13f495 elementor-widget elementor-widget-text-editor\" data-id=\"c13f495\" data-element_type=\"widget\" data-widget_type=\"text-editor.default\">\n\t\t\t\t<div class=\"elementor-widget-container\">\n\t\t\t<style>\/*! elementor - v3.7.0 - 08-08-2022 *\/\n.elementor-widget-text-editor.elementor-drop-cap-view-stacked .elementor-drop-cap{background-color:#818a91;color:#fff}.elementor-widget-text-editor.elementor-drop-cap-view-framed .elementor-drop-cap{color:#818a91;border:3px solid;background-color:transparent}.elementor-widget-text-editor:not(.elementor-drop-cap-view-default) .elementor-drop-cap{margin-top:8px}.elementor-widget-text-editor:not(.elementor-drop-cap-view-default) .elementor-drop-cap-letter{width:1em;height:1em}.elementor-widget-text-editor .elementor-drop-cap{float:left;text-align:center;line-height:1;font-size:50px}.elementor-widget-text-editor .elementor-drop-cap-letter{display:inline-block}<\/style>\t\t\t\t<p>The main objective is to offer information and orientation services to the Peruvian-American community or other Latin American immigrants about existing services and resources in areas such as law, employment, medical care, education, and other matters. PATHere.org will offer these social action services through conferences, publications, consultation with experts, and, as needed, by coordinating services with relevant agencies in our social service network.<\/p>\t\t\t\t\t\t<\/div>\n\t\t\t\t<\/div>\n\t\t\t\t\t<\/div>\n\t\t<\/div>\n\t\t\t\t<div class=\"elementor-column elementor-col-50 elementor-top-column elementor-element elementor-element-0723895\" data-id=\"0723895\" data-element_type=\"column\">\n\t\t\t<div class=\"elementor-widget-wrap elementor-element-populated\">\n\t\t\t\t\t\t\t\t<div class=\"elementor-element elementor-element-001fc14 elementor-widget elementor-widget-edgtf_image_with_text\" data-id=\"001fc14\" data-element_type=\"widget\" data-widget_type=\"edgtf_image_with_text.default\">\n\t\t\t\t<div class=\"elementor-widget-container\">\n\t\t\t\n<div class=\"edgtf-image-with-text  edgtf-text-align-center\">\n\t<div class=\"edgtf-image-with-text-image-inner\">\n\t\t\t\t\t<div class=\"edgtf-image-with-text-image\">\n\t\t\t\t<img width=\"640\" height=\"480\" src=\"https:\/\/pathere.org\/wp-content\/uploads\/2022\/09\/about_us_2-640x480-1.jpg\" class=\"attachment-full size-full\" alt=\"\" loading=\"lazy\" srcset=\"https:\/\/pathere.org\/wp-content\/uploads\/2022\/09\/about_us_2-640x480-1.jpg 640w, https:\/\/pathere.org\/wp-content\/uploads\/2022\/09\/about_us_2-640x480-1-300x225.jpg 300w, https:\/\/pathere.org\/wp-content\/uploads\/2022\/09\/about_us_2-640x480-1-600x450.jpg 600w\" sizes=\"(max-width: 640px) 100vw, 640px\" \/>\t\t\t<\/div>\n\t\t\t<div class=\"edgtf-image-with-text-image-overlay\">\n\t\t\t\t\t\t\t\t                   \t\t\t<\/div>\n\n\t\t\t<\/div>\n\t<div class=\"edgtf-image-with-text-info\">\n\t\t\n            <h2 class=\"edgtf-image-with-text-text\">\n                \t\t\t\tConciencia social\t\t\t\t            <\/h2>\n\t\t\t<\/div>\n<\/div>\t\t<\/div>\n\t\t\t\t<\/div>\n\t\t\t\t<div class=\"elementor-element elementor-element-bac1a12 elementor-widget elementor-widget-text-editor\" data-id=\"bac1a12\" data-element_type=\"widget\" data-widget_type=\"text-editor.default\">\n\t\t\t\t<div class=\"elementor-widget-container\">\n\t\t\t\t\t\t\t<p>PATHere.org ayudar\u00e1, directa o indirectamente, en emergencias que afecten a comunidades peruanas \/ peruano - americanas en los Estados Unidos o en Per\u00fa, seg\u00fan sea factible, brindando apoyo y coordinando servicios a trav\u00e9s de la red de instituciones y profesionales en las especialidades correspondientes.<\/p>\t\t\t\t\t\t<\/div>\n\t\t\t\t<\/div>\n\t\t\t\t\t<\/div>\n\t\t<\/div>\n\t\t\t\t\t\t\t<\/div>\n\t\t<\/section>\n\t\t\t\t<section class=\"elementor-section elementor-top-section elementor-element elementor-element-fe11cc2 elementor-section-boxed elementor-section-height-default elementor-section-height-default edgtf-elementor-container-no edgtf-section edgtf-parallax-section-holder-touch-disabled edgtf-parallax-section-no\" data-id=\"fe11cc2\" data-element_type=\"section\">\n\t\t\t\t\t\t<div class=\"elementor-container elementor-column-gap-default\">\n\t\t\t\t\t<div class=\"elementor-column elementor-col-100 elementor-top-column elementor-element elementor-element-be84b04\" data-id=\"be84b04\" data-element_type=\"column\">\n\t\t\t<div class=\"elementor-widget-wrap elementor-element-populated\">\n\t\t\t\t\t\t\t\t<div class=\"elementor-element elementor-element-13949de elementor-widget elementor-widget-text-editor\" data-id=\"13949de\" data-element_type=\"widget\" data-widget_type=\"text-editor.default\">\n\t\t\t\t<div class=\"elementor-widget-container\">\n\t\t\t\t\t\t\t<p>A trav\u00e9s de estas acciones, PATHere.org busca crear conciencia social sobre las necesidades espec\u00edficas de nuestra comunidad peruano americana, y preservar y difundir nuestra rica herencia peruana.<\/p>\t\t\t\t\t\t<\/div>\n\t\t\t\t<\/div>\n\t\t\t\t\t<\/div>\n\t\t<\/div>\n\t\t\t\t\t\t\t<\/div>\n\t\t<\/section>\n\t\t\t\t<section class=\"elementor-section elementor-top-section elementor-element elementor-element-43d3008 elementor-section-boxed elementor-section-height-default elementor-section-height-default edgtf-elementor-container-no edgtf-section edgtf-parallax-section-holder-touch-disabled edgtf-parallax-section-no\" data-id=\"43d3008\" data-element_type=\"section\" data-settings=\"{&quot;background_background&quot;:&quot;classic&quot;}\">\n\t\t\t\t\t\t<div class=\"elementor-container elementor-column-gap-default\">\n\t\t\t\t\t<div class=\"elementor-column elementor-col-100 elementor-top-column elementor-element elementor-element-49f511f\" data-id=\"49f511f\" data-element_type=\"column\" data-settings=\"{&quot;background_background&quot;:&quot;classic&quot;}\">\n\t\t\t<div class=\"elementor-widget-wrap elementor-element-populated\">\n\t\t\t\t\t\t\t\t<div class=\"elementor-element elementor-element-a16118f elementor-widget__width-inherit elementor-widget elementor-widget-edgtf_call_to_action\" data-id=\"a16118f\" data-element_type=\"widget\" data-widget_type=\"edgtf_call_to_action.default\">\n\t\t\t\t<div class=\"elementor-widget-container\">\n\t\t\t\t<div class=\"edgtf-call-to-action normal\" style=\"background-color: #4D6A9B;\">\n\n\t\t\t\t<div class=\"edgtf-container-inner\">\n\t\t\t\t\t<div class=\"edgtf-call-to-action-row-66-33 clearfix\" style=\"padding: 20;\">\n\t\t\t\t\t\t<div class=\"edgtf-text-wrapper edgtf-call-to-action-column1 edgtf-call-to-action-cell left\">\n\t\t\t\t\t<div class=\"edgtf-call-to-action-text\" style=\"text-align: left\"><h1 style=\"text-align: center;\"><span style=\"color: #ffffff;\">\u00danete a nosotros <\/span><\/h1>\t\t\t\t\t\t\t\t\t\t\t<\/div>\n\t\t\t\t<\/div>\n\n\t\t\t\t\t\t\t\t\t<div class=\"edgtf-button-wrapper edgtf-call-to-action-column2 edgtf-call-to-action-cell\" style =\"text-align: left ;\">\n\t\t\t\t\t\t<a itemprop=\"url\" href=\"https:\/\/pathere.org\/es\/membership\/\" target=\"_self\"  class=\"edgtf-btn edgtf-btn-large edgtf-btn-solid\"  >\t<span class=\"edgtf-btn-text\">M\u00e1s info<\/span>    <\/a>\t\t\t\t\t<\/div>\n\t\t\t\t\t\t\t<\/div>\n\t\t\t\t<\/div>\n\t\t\t<\/div>\n\t\t<\/div>\n\t\t\t\t<\/div>\n\t\t\t\t\t<\/div>\n\t\t<\/div>\n\t\t\t\t\t\t\t<\/div>\n\t\t<\/section>\n\t\t\t\t<section class=\"elementor-section elementor-top-section elementor-element elementor-element-4d82f99 elementor-section-boxed elementor-section-height-default elementor-section-height-default edgtf-elementor-container-no edgtf-section edgtf-parallax-section-holder-touch-disabled edgtf-parallax-section-no\" data-id=\"4d82f99\" data-element_type=\"section\">\n\t\t\t\t\t\t<div class=\"elementor-container elementor-column-gap-default\">\n\t\t\t\t\t<div class=\"elementor-column elementor-col-100 elementor-top-column elementor-element elementor-element-6a11d23\" data-id=\"6a11d23\" data-element_type=\"column\">\n\t\t\t<div class=\"elementor-widget-wrap\">\n\t\t\t\t\t\t\t\t\t<\/div>\n\t\t<\/div>\n\t\t\t\t\t\t\t<\/div>\n\t\t<\/section>\n\t\t\t\t\t\t\t<\/div>","protected":false},"excerpt":{"rendered":"<p>SOCIAL COMMITTEE Social Action The main objective is to offer information and orientation services to the Peruvian-American community or other Latin American immigrants about existing services and resources in areas such as law, employment, medical care, education, and other matters. PATHere.org will offer these social action services through conferences, publications, consultation with experts, and, as&#8230;<\/p>","protected":false},"author":1,"featured_media":0,"parent":0,"menu_order":0,"comment_status":"closed","ping_status":"closed","template":"","meta":{"_joinchat":[]},"_links":{"self":[{"href":"https:\/\/pathere.org\/es\/wp-json\/wp\/v2\/pages\/18391"}],"collection":[{"href":"https:\/\/pathere.org\/es\/wp-json\/wp\/v2\/pages"}],"about":[{"href":"https:\/\/pathere.org\/es\/wp-json\/wp\/v2\/types\/page"}],"author":[{"embeddable":true,"href":"https:\/\/pathere.org\/es\/wp-json\/wp\/v2\/users\/1"}],"replies":[{"embeddable":true,"href":"https:\/\/pathere.org\/es\/wp-json\/wp\/v2\/comments?post=18391"}],"version-history":[{"count":56,"href":"https:\/\/pathere.org\/es\/wp-json\/wp\/v2\/pages\/18391\/revisions"}],"predecessor-version":[{"id":20032,"href":"https:\/\/pathere.org\/es\/wp-json\/wp\/v2\/pages\/18391\/revisions\/20032"}],"wp:attachment":[{"href":"https:\/\/pathere.org\/es\/wp-json\/wp\/v2\/media?parent=18391"}],"curies":[{"name":"wp","href":"https:\/\/api.w.org\/{rel}","templated":true}]}}